{"id":654,"date":"2016-05-30T11:49:09","date_gmt":"2016-05-30T09:49:09","guid":{"rendered":"http:\/\/www.boisset-et-cie.fr\/?page_id=654&#038;lang=de"},"modified":"2021-06-08T16:18:08","modified_gmt":"2021-06-08T14:18:08","slug":"impressum","status":"publish","type":"page","link":"https:\/\/dev.bcsagear.fr.srv01.kairios.fr\/de\/impressum\/","title":{"rendered":"Impressum"},"content":{"rendered":"<h2>Impressum<\/h2>\n<p>Das Impressum \u00fcber die Nutzungsbedingungen dieses Internetauftritts gilt f\u00fcr alle Personen, die diesen Internetauftritt aufrufen. Sie werden im Folgenden als \u201eNutzer\u201c bezeichnet.<\/p>\n<h3>Verantwortlich f\u00fcr den Internetauftritt<\/h3>\n<p>Dieser Internetauftritt ist von der Firma BCSA GEAR sowie von der herausgebenden Firma ausgew\u00e4hlten Dienstleistern erstellt und verwaltet.<\/p>\n<p>BCSA GEAR<\/p>\n<p>Siret 415\u00a0191\u00a0354<\/p>\n<p>17 rue Jean Corona<\/p>\n<p>69120 VAULX EN VELIN FRANCE<\/p>\n<p>Tel: 00 33(0) 4 72 14 69 00<\/p>\n<p>Fax : 00 33(0) 4 72 14 69 19<\/p>\n<p>Entsprechend Artikel n\u00b0 78-17 vom 6. Januar 1978 des Gesetzes zu Informatik, Datenverwaltung und Freiheit (auch Gesetz f\u00fcr \u201eInformatik und Freiheit\u201c genannt), ist dieser Internetauftritt bei der CNIL (= Nationale Kommission f\u00fcr Informatik und Freiheit) angemeldet. Durchf\u00fchrung des Zugangsrechts: Entsprechend Artikel n\u00b0 78-17 vom 6. Januar 1978 des Gesetzes zu Informatik, Datenverwaltung und Freiheit ist der Nutzer berechtigt f\u00fcr ihn betreffende Daten folgende Rechte geltend zu machen: Einspruchsrecht (Art. 26 des og Gesetzes), Zugangsrecht (Art. 34-38 des og Gesetzes) und Berichtigungsanspruch (Art. 36 des og Gesetzes). Auf diese Weise kann der Nutzer verlangen dass ihn betreffende Informationen, die inexakte, unvollst\u00e4ndige, missverst\u00e4ndliche, veraltete oder nicht zur Ver\u00f6ffentlichung bestimmt sind berichtigt, vervollst\u00e4ndigt, erl\u00e4utert, aktualisiert oder gel\u00f6scht werden. Um dieses Recht auszu\u00fcben kann sich der Nutzer an folgenden Ansprechpartner wenden:<\/p>\n<h3>Lizenz \/ Copyright<\/h3>\n<p>Bei den auf dieser Internetseite aufgef\u00fchrten Marken und Logos handelt es sich um eingetragene Marken. Ihre Nennung ist in keinem Fall eine Lizenz oder das Nutzungsrecht dieser Marken anzusehen, die ohne ausdr\u00fcckliches, schriftliches Einverst\u00e4ndnis des Markeninhabers anderweitig angewendet werden d\u00fcrfen. Jede unerlaubte Nutzung ist als betr\u00fcgerische Nachahmung anzusehen. Alle in diesem Internetauftritt enthaltenen Informationen k\u00f6nnen unter Einhaltung folgender Punkte heruntergeladen, wiedergegeben und gedruckt werden: * Nutzung dieser Informationen zu reinen Informationszwecken, aber in keinem Fall zu Handelszwecken;<\/p>\n<ul>\n<li>Informationen d\u00fcrfen nicht ver\u00e4ndert werden<\/li>\n<li>Alle Kopien m\u00fcssen mit einer Quellenangabe versehen werden (Urheberrecht bzw. Copwright)\u00a0: www.bcsagear.fr<\/li>\n<li>Jede anderweitige Verwendung ist streng verboten solange sie nicht ausdr\u00fccklich im Vorhinein schriftlich von der Firma BCSA GEAR erteilt wurde<\/li>\n<\/ul>\n<p>Das Logo BCSA GEAR darf erst nach ausdr\u00fccklichem Einverst\u00e4ndnis der Firma BCSA GEAR anderweitig verwendet werden.<\/p>\n<h3>Haftung<\/h3>\n<p>Alle \u00fcber diesen Internetauftritt zug\u00e4nglichen Informationen sind im aktuellen Zustand zu betrachten.<br \/>\nBCSA GEAR gibt keine explizite oder implizite Garantie und tr\u00e4gt keine Verantwortung bez\u00fcglich der Nutung dieser Informationen.<br \/>\nBCSA GEAR ist nicht f\u00fcr die Exaktheit, eventuelle Fehler oder Auslassungen im Inhalt dieses Internetauftritts verantwortlich. Einzig und allein der Nutzer ist verantwortwortlich f\u00fcr die Verwendung der gegebenen Informationen.<br \/>\nBCSA GEAR beh\u00e4lt sich vor den Inhalt zu jedem gew\u00fcnschten Zeitpunkt zu \u00e4ndern bzw. zu aktualisieren.<\/p>\n<p>Der Nutzer verpflichtet sich dieser Internetseite keine Information weiterzugeben, die seine zivilrechtliche oder strafrechtliche Verfolgung nach sich ziehen kann und verpflichtet sich in diesem Zusammenhang \u00fcber diese Internetseite keine illegalen, gegen die \u00f6ffentliche Ordnung verstossende oder verl\u00e4umderische Inhalte zu ver\u00f6ffentlichen.<\/p>\n<h3>Hypertextlink<\/h3>\n<p>Alle Links der Internetseite www.bcsagear.fr auf externe Internetseiten fallen nicht unter die Verantwortung von BCSA GEAR, vor allem was den Inhalt, aber auch die technischen Risiken dieser Informationen, angeht. Mit der Nutzung eines Hypertextlinks um auf eine andere Internetseite zu gelangen, \u00fcbernehmen Sie das volle Risiko im Fall eventueller direkter oder indirekter Sch\u00e4digungen.<br \/>\nDie Erstellung von Hypertextlinks \u00fcber die Internetseite www.bcsagear.fr ist zul\u00e4ssig.<\/p>\n<h3>Cookies<\/h3>\n<p>Die Nutzer sind informiert dass w\u00e4hrend des Zugangs zu bestimmten Rubriken der Internetseite www.bcsagear.fr Informationen zeitweise auf dem Festplattenspeicher aufbewahrt werden. Die Nutzer der Internetseite erkennen an \u00fcber diesen Sachverhalt informiert und mit dieser Praktik einverstanden zu sein.<\/p>\n[printicon align=&#8221;right&#8221;]\n","protected":false},"excerpt":{"rendered":"<p>Impressum Das Impressum \u00fcber die Nutzungsbedingungen dieses Internetauftritts gilt f\u00fcr alle Personen, die diesen Internetauftritt aufrufen. Sie werden im Folgenden als \u201eNutzer\u201c bezeichnet. Verantwortlich f\u00fcr den Internetauftritt Dieser Internetauftritt ist von der Firma BCSA GEAR sowie von der herausgebenden Firma ausgew\u00e4hlten Dienstleistern erstellt und verwaltet. BCSA GEAR Siret 415\u00a0191\u00a0354 17 rue Jean Corona 69120 VAULX [&hellip;]<\/p>\n","protected":false},"author":1,"featured_media":0,"parent":0,"menu_order":0,"comment_status":"closed","ping_status":"closed","template":"template-mentions-legales.php","meta":{"footnotes":""},"class_list":["post-654","page","type-page","status-publish","hentry"],"_links":{"self":[{"href":"https:\/\/dev.bcsagear.fr.srv01.kairios.fr\/de\/wp-json\/wp\/v2\/pages\/654","targetHints":{"allow":["GET"]}}],"collection":[{"href":"https:\/\/dev.bcsagear.fr.srv01.kairios.fr\/de\/wp-json\/wp\/v2\/pages"}],"about":[{"href":"https:\/\/dev.bcsagear.fr.srv01.kairios.fr\/de\/wp-json\/wp\/v2\/types\/page"}],"author":[{"embeddable":true,"href":"https:\/\/dev.bcsagear.fr.srv01.kairios.fr\/de\/wp-json\/wp\/v2\/users\/1"}],"replies":[{"embeddable":true,"href":"https:\/\/dev.bcsagear.fr.srv01.kairios.fr\/de\/wp-json\/wp\/v2\/comments?post=654"}],"version-history":[{"count":6,"href":"https:\/\/dev.bcsagear.fr.srv01.kairios.fr\/de\/wp-json\/wp\/v2\/pages\/654\/revisions"}],"predecessor-version":[{"id":4459,"href":"https:\/\/dev.bcsagear.fr.srv01.kairios.fr\/de\/wp-json\/wp\/v2\/pages\/654\/revisions\/4459"}],"wp:attachment":[{"href":"https:\/\/dev.bcsagear.fr.srv01.kairios.fr\/de\/wp-json\/wp\/v2\/media?parent=654"}],"curies":[{"name":"wp","href":"https:\/\/api.w.org\/{rel}","templated":true}]}}