{"id":603,"date":"2016-05-17T11:46:43","date_gmt":"2016-05-17T09:46:43","guid":{"rendered":"http:\/\/www.boisset-et-cie.fr\/turbo-multiplicateurs-2\/?lang=de"},"modified":"2018-03-13T17:44:22","modified_gmt":"2018-03-13T16:44:22","slug":"turbo-multiplicateurs-2","status":"publish","type":"page","link":"https:\/\/dev.bcsagear.fr.srv01.kairios.fr\/de\/turbo-multiplicateurs-2\/","title":{"rendered":"Turbogetriebe"},"content":{"rendered":"<h2 class=\"contentheading\">Turbogetriebe<\/h2>\n<p>BCSA GEAR kann auf eine langj\u00e4hrige Erfahrung in der Konzeption, Fertigung und Installation von Turbogetrieben zur\u00fcckblicken.<\/p>\n<p><a class=\"more-link\" href=\"#weitere-infos\">Weitere <strong>Infos<\/strong><\/a><br \/>\n<div class=\"row-fluid\"><div class=\"span4\">\n<div class=\"jce_caption\">\n<h4 style=\"padding-left: 30px;\">Turbogetriebe zwischen<br \/>\nElektromotor \/ Turbokompressor<br \/>\n(1200 kW bei 15000 U\/min)<\/h4>\n<div style=\"text-align: justify;\"><a class=\"fancybox-bcsa\" title=\"Turbogetriebe Typ TU 400 mit Gleitlager. Leistung 1243 kW, Eingangsgeschwindigkeit 1800 U\/min, Ausgangsgeschwindigkeit 15680 U\/min. Diese Maschine wurde von BCSA GEAR zum Antrieb eines Turbokompressors entwickelt und gefertigt. Das Photo zeigt die Beherrschung der Ausstattung dieses Anlagentyps durch BCSA (Bewegungs-, Vibrations- und Temperatursensor) entsprechend der Norm API 613.\" href=\"\/wp-content\/uploads\/2017\/01\/Turbo-multiplicateur-pour-compresseur-centrifuge.jpg\" target=\"_blank\" rel=\"noopener p\"><img loading=\"lazy\" decoding=\"async\" class=\"aligncenter\" src=\"\/wp-content\/uploads\/2017\/01\/Turbo-multiplicateur-pour-compresseur-centrifuge.jpg\" alt=\"Turbo1\" width=\"172\" height=\"179\" \/><\/a><\/div>\n<div style=\"text-align: justify;\"><span class=\"child\">Turbogetriebe Typ TU 400 mit Gleitlager. Leistung 1243 kW, Eingangsgeschwindigkeit 1800 U\/min, Ausgangsgeschwindigkeit 15680 U\/min. Diese Maschine wurde von BCSA GEAR zum Antrieb eines Turbokompressors entwickelt und gefertigt. Das Photo zeigt die Beherrschung der Ausstattung dieses Anlagentyps durch BCSA GEAR (Bewegungs-, Vibrations- und Temperatursensor) entsprechend der Norm API 613.<\/span><\/div>\n<p>&nbsp;<\/p>\n<\/div>\n<\/div>\n<div class=\"span4\">\n<div class=\"jce_caption\">\n<h4>Turbogetriebe zwischen<br \/>\nElektromotor \/ Turbokompressor<br \/>\n(5800 kW bei 9200 U\/min)<\/h4>\n<div style=\"text-align: justify;\"><a class=\"fancybox-bcsa\" title=\"Turbogetriebe Typ TU 560 mit Gleitlager. Leistung 5810 kW, Eingangsgeschwindigkeit 1480 U\/min, Ausgangsgeschwindigkeit 9230 U\/min. Dieses Turbogetriebe wurde von BCSA zum Antrieb eines Turbokompressors entwickelt und gefertigt. Diese Anlage ist bei Qatar Gaz installiert.\" href=\"\/wp-content\/uploads\/2016\/05\/turbo2.jpg\" target=\"_blank\" rel=\"noopener p\"><img loading=\"lazy\" decoding=\"async\" class=\"aligncenter\" src=\"\/wp-content\/uploads\/2016\/05\/turbo2.jpg\" alt=\"Turbo2\" width=\"253\" height=\"179\" \/><\/a><\/div>\n<div style=\"text-align: justify;\"><span class=\"child\">Turbogetriebe Typ TU 560 mit Gleitlager. Leistung 5810 kW, Eingangsgeschwindigkeit 1480 U\/min, Ausgangsgeschwindigkeit 9230 U\/min. Dieses Turbogetriebe wurde von BCSA GEAR zum Antrieb eines Turbokompressors entwickelt und gefertigt. Diese Anlage ist bei Qatar Gaz installiert.<\/span><\/div>\n<p>&nbsp;<\/p>\n<\/div>\n<\/div>\n<div class=\"span4\">\n<div class=\"jce_caption\">\n<h4>Turbogetriebe zwischen<br \/>\nElektromotor \/ Turbokompressor<br \/>\n(2100 kW bei 17300 U\/min)<\/h4>\n<div style=\"text-align: justify;\"><a class=\"fancybox-bcsa\" title=\"Turbogetriebe Typ TU 500 mit Gleitlager. Leistung 2060 kW, Eingangsgeschwindigkeit 1480 U\/min, Ausgangsgeschwindigkeit 14629 U\/min. Dieses Getriebe mit einem \u00dcbersetzungsverh\u00e4ltnis von 9 wurde von BCSA zum Antrieb eines Turbokompressors entwickelt und gefertigt.\" href=\"\/wp-content\/uploads\/2016\/05\/turbo3.jpg\" target=\"_blank\" rel=\"noopener p\"><img loading=\"lazy\" decoding=\"async\" class=\"aligncenter\" src=\"\/wp-content\/uploads\/2016\/05\/turbo3.jpg\" alt=\"turbo3\" width=\"224\" height=\"179\" \/><\/a><\/div>\n<div style=\"text-align: justify;\"><span class=\"child\">Turbogetriebe Typ TU 500 mit Gleitlager. Leistung 2060 kW, Eingangsgeschwindigkeit 1480 U\/min, Ausgangsgeschwindigkeit 14629 U\/min. Dieses Getriebe mit einem \u00dcbersetzungsverh\u00e4ltnis von 9 wurde von BCSA zum Antrieb eines Turbokompressors entwickelt und gefertigt.<\/span><\/div>\n<p>&nbsp;<\/p>\n<\/div>\n<\/div><\/div>\n<div class=\"row-fluid\"><div class=\"span4\">\n<div class=\"jce_caption\">\n<h4>Turbogetriebe zwischen<br \/>\nElektromotor \/ Turbokompressor<br \/>\n(2100 kW bei 14600 U\/min)<\/h4>\n<div style=\"text-align: justify;\"><a class=\"fancybox-bcsa\" title=\"Turbogetriebe Typ TU 280 mit Gleitlager. Leistung 2145 kW, Eingangsgeschwindigkeit 2985 U\/min, Ausgangsgeschwindigkeit 17342 U\/min. Das Turbogetriebe ist mit einer Pumpe ausgestattet, die die Schmierung der Lager im Falle eines Stromausfalls sicherstellt. Dieses Turbogetriebe wurde von BCSA zum Antrieb eines Turbokompressors f\u00fcr die Gasindustrie entwickelt und gefertigt. Dieser Generator ist bei ABB Power Generation installiert.\" href=\"\/wp-content\/uploads\/2016\/05\/turbo4.jpg\" target=\"_blank\" rel=\"noopener p\"><img loading=\"lazy\" decoding=\"async\" class=\"aligncenter\" src=\"\/wp-content\/uploads\/2016\/05\/turbo4.jpg\" alt=\"turbo4\" width=\"210\" height=\"179\" \/><\/a><\/div>\n<div style=\"text-align: justify;\"><span class=\"child\">Turbogetriebe Typ TU 280 mit Gleitlager. Leistung 2145 kW, Eingangsgeschwindigkeit 2985 U\/min, Ausgangsgeschwindigkeit 17342 U\/min. Das Turbogetriebe ist mit einer Pumpe ausgestattet, die die Schmierung der Lager im Falle eines Stromausfalls sicherstellt. Dieses Turbogetriebe wurde von BCSA GEAR zum Antrieb eines Turbokompressors f\u00fcr die Gasindustrie entwickelt und gefertigt. Dieser Generator ist bei ABB Power Generation installiert.<\/span><\/div>\n<p>&nbsp;<\/p>\n<\/div>\n<\/div>\n<div class=\"span4\">\n<div class=\"jce_caption\">\n<h4>Turbogetriebe zwischen<br \/>\nElektromotor \/ Turbokompressor<br \/>\n(1500 kW bei 10900 U\/min)<\/h4>\n<div style=\"text-align: justify;\"><a class=\"fancybox-bcsa\" title=\"Turbogetriebe Typ TU 360 mit Gleitlager. Leistung 1500 kW, Ausgangsgeschwindigkeit 10903 U\/min. Dieses Turbogetriebe wurde von BCSA zum Antrieb eines Turbokompressors entwickelt und gefertigt. Dieses Turbogetriebe wurde so ausgelegt, dass es anstelle des urspr\u00fcnglich installierten Turbogetriebes montiert werden konnte.\" href=\"\/wp-content\/uploads\/2016\/05\/turbo5.jpg\" target=\"_blank\" rel=\"noopener p\"><img loading=\"lazy\" decoding=\"async\" class=\"aligncenter\" src=\"\/wp-content\/uploads\/2016\/05\/turbo5.jpg\" alt=\"turbo5\" width=\"231\" height=\"179\" \/><\/a><\/div>\n<div style=\"text-align: justify;\"><span class=\"child\">Turbogetriebe Typ TU 360 mit Gleitlager. Leistung 1500 kW, Ausgangsgeschwindigkeit 10903 U\/min. Dieses Turbogetriebe wurde von BCSA GEAR zum Antrieb eines Turbokompressors entwickelt und gefertigt. Dieses Turbogetriebe wurde so ausgelegt, dass es anstelle des urspr\u00fcnglich installierten Turbogetriebes montiert werden konnte.<\/span><\/div>\n<p>&nbsp;<\/p>\n<\/div>\n<\/div>\n<div class=\"span4\">\n<div class=\"jce_caption\">\n<h4>Reduziergetriebe zwischen<br \/>\nElektromotor \/ Hubkolbenkompressor<br \/>\n(620kW bei 370 U\/min)<\/h4>\n<div style=\"text-align: justify;\"><a class=\"fancybox-bcsa\" title=\"Turbogetriebe Typ TU 500 mit Gleitlager. Leistung 620 kW, Eingangsgeschwindigkeit 1490 U\/min, Ausgangsgeschwindigkeit 367 U\/min. Dieses Turbogetriebe wurde von BCSA so ausgelegt, das es anstelle des urspr\u00fcnglich installierten und mittlerweile veralteten Getriebes montiert werden konnte. Es ist mit einer direkt an der Welle angeschlossenen Pumpe und Temperatursonden mit ATEX-Zertifizierung ausgestattet. Das Schmierstoff-System wurde f\u00fcr dieses Projekt auch von BCSA geliefert.\" href=\"\/wp-content\/uploads\/2016\/05\/turbo6.jpg\" target=\"_blank\" rel=\"noopener p\"><img loading=\"lazy\" decoding=\"async\" class=\"aligncenter\" src=\"\/wp-content\/uploads\/2016\/05\/turbo6.jpg\" alt=\"turbo6\" width=\"263\" height=\"179\" \/><\/a><\/div>\n<div style=\"text-align: justify;\"><span class=\"child\">Turbogetriebe Typ TU 500 mit Gleitlager. Leistung 620 kW, Eingangsgeschwindigkeit 1490 U\/min, Ausgangsgeschwindigkeit 367 U\/min. Dieses Turbogetriebe wurde von BCSA GEAR so ausgelegt, das es anstelle des urspr\u00fcnglich installierten und mittlerweile veralteten Getriebes montiert werden konnte. Es ist mit einer direkt an der Welle angeschlossenen Pumpe und Temperatursonden mit ATEX-Zertifizierung ausgestattet. Das Schmierstoff-System wurde f\u00fcr dieses Projekt auch von BCSA GEAR geliefert.<\/span><\/div>\n<p>&nbsp;<\/p>\n<\/div>\n<\/div><\/div>\n<div class=\"row-fluid\"><div class=\"span4\">\n<div class=\"jce_caption\">\n<h4>Turbogetriebe zwischen<br \/>\nElektromotor \/ Turbokompressor<br \/>\n(500 kW bei 13100 U\/min)<\/h4>\n<div style=\"text-align: justify;\"><a class=\"fancybox-bcsa\" title=\"Turbogetriebe Typ TU 190 mit Gleitlager. Leistung 500 kW, Eingangsgeschwindigkeit 2979 U\/min, Ausgangsgeschwindigkeit 13141 U\/min. Dieses Turbogetriebe wurde von BCSA zum Antrieb eines Zentrifugalgebl\u00e4ses entwickelt und gefertigt. Es ist mit einer direkt an der Welle angeschlossenen Pumpe ausgestattet.\" href=\"\/wp-content\/uploads\/2016\/05\/turbo7.jpg\" target=\"_blank\" rel=\"noopener p\"><img loading=\"lazy\" decoding=\"async\" class=\"aligncenter\" src=\"\/wp-content\/uploads\/2016\/05\/turbo7.jpg\" alt=\"turbo7\" width=\"245\" height=\"178\" \/><\/a><\/div>\n<div style=\"text-align: justify;\"><span class=\"child\">Turbogetriebe Typ TU 190 mit Gleitlager. Leistung 500 kW, Eingangsgeschwindigkeit 2979 U\/min, Ausgangsgeschwindigkeit 13141 U\/min. Dieses Turbogetriebe wurde von BCSA GEAR zum Antrieb eines Zentrifugalgebl\u00e4ses entwickelt und gefertigt. Es ist mit einer direkt an der Welle angeschlossenen Pumpe ausgestattet.<\/span><\/div>\n<p>&nbsp;<\/p>\n<\/div>\n<\/div>\n<div class=\"span4\">\n<div class=\"jce_caption\">\n<h4>Reduziergetriebe zwischen Turbine und Wechselstromgenerator (3560 kW bei 12100 U\/min)<\/h4>\n<div style=\"text-align: justify;\"><a class=\"fancybox-bcsa\" title=\"Turbogetriebe Typ TU 320 mit Gleitlager. Leistung 3564 kW, Eingangsgeschwindigkeit 12150 U\/min, Ausgangsgeschwindigkeit 3888 U\/min. Dieses Turbogetriebe wurde von BCSA zum Antrieb eines Turbogenerators entwickelt und gefertigt. Dieses Turbogetriebe wurde so ausgelegt, dass es anstelle des urspr\u00fcnglich installierten Turbogetriebes montiert werden konnte.\" href=\"\/wp-content\/uploads\/2016\/05\/turbo8.jpg\" target=\"_blank\" rel=\"noopener p\"><img loading=\"lazy\" decoding=\"async\" class=\"aligncenter\" src=\"\/wp-content\/uploads\/2016\/05\/turbo8.jpg\" alt=\"turbo8\" width=\"186\" height=\"178\" \/><\/a><\/div>\n<div style=\"text-align: justify;\"><span class=\"child\">Turbogetriebe Typ TU 320 mit Gleitlager. Leistung 3564 kW, Eingangsgeschwindigkeit 12150 U\/min, Ausgangsgeschwindigkeit 3888 U\/min. Dieses Turbogetriebe wurde von BCSA GEAR zum Antrieb eines Turbogenerators entwickelt und gefertigt. Dieses Turbogetriebe wurde so ausgelegt, dass es anstelle des urspr\u00fcnglich installierten Turbogetriebes montiert werden konnte.<\/span><\/div>\n<p>&nbsp;<\/p>\n<\/div>\n<\/div>\n<div class=\"span4\">\n<div class=\"jce_caption\">\n<h4>Turbogetriebe w\u00e4hrend der Montagephase in unserer Fertigung<\/h4>\n<div style=\"text-align: justify;\"><a class=\"fancybox-bcsa\" title=\"Turbogetriebe w\u00e4hrend der Montagephase in unserer Fertigung.\" href=\"\/wp-content\/uploads\/2016\/05\/turbo9.jpg\" target=\"_blank\" rel=\"noopener p\"><img loading=\"lazy\" decoding=\"async\" class=\"aligncenter\" src=\"\/wp-content\/uploads\/2016\/05\/turbo9.jpg\" alt=\"turbo9\" width=\"286\" height=\"178\" \/><\/a><\/div>\n<div style=\"text-align: justify;\"><span class=\"child\">Turbogetriebe w\u00e4hrend der Montagephase in unserer Fertigung.<\/span><\/div>\n<p>&nbsp;<\/p>\n<\/div>\n<\/div><\/div>\n<p><a name=\"weitere-infos\"><\/a><br \/>\nDank des Fachwissens seines technischen B\u00fcros kann BCSA GEAR ma\u00dfgeschneiderte L\u00f6sungen wie den Austausch in situ von Turbogetrieben zwischen 50 kW und 15 MW f\u00fcr alle denkbaren Anwendungen anbieten: Kompressoren, Turbinen, Wechselstrom-Turbogeneratoren, Generatoren, Pumpen Gebl\u00e4semaschinen, usw. anbieten.<br \/>\nBCSA beherrscht die Normen ISO, AGMA und API 613.<br \/>\nGerne schlagen wir Ihnen eine technische L\u00f6sung f\u00fcr Ihren T\u00e4tigkeitsbereich vor.<\/p>\n<p><strong>Unsere Turbogetriebe finden in folgenden Industriezweigen Anwendung:<\/strong><\/p>\n<ul>\n<li>\u00d6l- und Gasindustrie, Petrochemie (Turbokompressoren, Zentrifugalpumpen, Gebl\u00e4semaschinen, usw.)<\/li>\n<li>Energie (Turbinen, Wechselstrom-Turbogeneratoren, usw.)<\/li>\n<\/ul>\n<p><strong>Unsere St\u00e4rken:<\/strong><\/p>\n<ul>\n<li>Ma\u00dfgeschneiderte L\u00f6sungen zum Austausch in situ Ihrer besch\u00e4digten oder obsoleten Turbogetriebe<\/li>\n<li>Ein Team mit Spezialisten f\u00fcr alle Problematiken bez\u00fcglich hoher Leistungen und hoher Drehzahlen (Zahnflankenkorrektur, Auswuchtung, kritische Drehzahl, Vibrationsanalyse und \u2013messung, Schmierung).<\/li>\n<\/ul>\n<p>&nbsp;<\/p>\n<p>Unsere Referenzkunden: ABB, ATOFINA, ARKEMA, DRESSER RAND, EXXONMOBIL, FERTIAL, GAZPROM, GCT, GE \u2013 AC COMPRESSOR, GE-THERMODYN, GUINARD POMPES, HOWDEN PROCESS, INEOS, MAN TURBO, MARATHON OIL, NIOC, SASOL, SIEMENS, SONATRACH, USW<\/p>\n","protected":false},"excerpt":{"rendered":"<p>Turbogetriebe BCSA GEAR kann auf eine langj\u00e4hrige Erfahrung in der Konzeption, Fertigung und Installation von Turbogetrieben zur\u00fcckblicken. Weitere Infos Dank des Fachwissens seines technischen B\u00fcros kann BCSA GEAR ma\u00dfgeschneiderte L\u00f6sungen wie den Austausch in situ von Turbogetrieben zwischen 50 kW und 15 MW f\u00fcr alle denkbaren Anwendungen anbieten: Kompressoren, Turbinen, Wechselstrom-Turbogeneratoren, Generatoren, Pumpen Gebl\u00e4semaschinen, usw. [&hellip;]<\/p>\n","protected":false},"author":1,"featured_media":0,"parent":0,"menu_order":0,"comment_status":"closed","ping_status":"closed","template":"template-full-padded.php","meta":{"footnotes":""},"class_list":["post-603","page","type-page","status-publish","hentry"],"_links":{"self":[{"href":"https:\/\/dev.bcsagear.fr.srv01.kairios.fr\/de\/wp-json\/wp\/v2\/pages\/603","targetHints":{"allow":["GET"]}}],"collection":[{"href":"https:\/\/dev.bcsagear.fr.srv01.kairios.fr\/de\/wp-json\/wp\/v2\/pages"}],"about":[{"href":"https:\/\/dev.bcsagear.fr.srv01.kairios.fr\/de\/wp-json\/wp\/v2\/types\/page"}],"author":[{"embeddable":true,"href":"https:\/\/dev.bcsagear.fr.srv01.kairios.fr\/de\/wp-json\/wp\/v2\/users\/1"}],"replies":[{"embeddable":true,"href":"https:\/\/dev.bcsagear.fr.srv01.kairios.fr\/de\/wp-json\/wp\/v2\/comments?post=603"}],"version-history":[{"count":17,"href":"https:\/\/dev.bcsagear.fr.srv01.kairios.fr\/de\/wp-json\/wp\/v2\/pages\/603\/revisions"}],"predecessor-version":[{"id":3255,"href":"https:\/\/dev.bcsagear.fr.srv01.kairios.fr\/de\/wp-json\/wp\/v2\/pages\/603\/revisions\/3255"}],"wp:attachment":[{"href":"https:\/\/dev.bcsagear.fr.srv01.kairios.fr\/de\/wp-json\/wp\/v2\/media?parent=603"}],"curies":[{"name":"wp","href":"https:\/\/api.w.org\/{rel}","templated":true}]}}