{"id":54,"date":"2016-05-10T14:11:58","date_gmt":"2016-05-10T12:11:58","guid":{"rendered":"http:\/\/www.boisset-et-cie.fr\/?page_id=54&#038;lang=de"},"modified":"2022-06-14T10:53:26","modified_gmt":"2022-06-14T08:53:26","slug":"produits-maag","status":"publish","type":"page","link":"https:\/\/dev.bcsagear.fr.srv01.kairios.fr\/de\/produits-maag\/","title":{"rendered":"MAAG Produkten"},"content":{"rendered":"<h2 class=\"contentheading\">MAAG Produkten <img loading=\"lazy\" decoding=\"async\" class=\"size-full wp-image-571 alignright\" src=\"\/wp-content\/uploads\/2018\/12\/maag-reduction-gear-planetary-gearboxes-e1586458377753.jpg\" alt=\"maag\" width=\"144\" height=\"178\"><\/h2>\n<p>BCSA GEAR ist Alleinvertreter von <strong>MAAG<\/strong>\u00ae-Produkten in Frankreich und den Maghreb-Staaten.<br \/>\nSeit 1913 entwickelt und fertigt die <strong>MAAG GEAR AG<\/strong> Hightech Reduzier- und Turbogetriebe, die auch den komplexesten Pflichtenheften gerecht werden.<\/p>\n<p>Maschinen von <strong>MAAG<\/strong>\u00ae \u00fcbersetzen sehr hohe Leistungen und Drehmomente unter widrigsten Bedingungen. Dies ist unter Anderem dank ihrer ausgereiften Gleitlagertechnologie, stark korrigierten Zahnr\u00e4dern und h\u00f6chst pr\u00e4zisen Bearbeitungsmethoden m\u00f6glich und haben <strong>MAAG<\/strong>\u00ae Getriebe zu einem unumg\u00e4nglichen Produkt f\u00fcr die Zementindustrie gemacht.<br \/>\nDiese jahrelange Erfahrung hat <strong>MAAG<\/strong>\u00ae erlaubt leistungsf\u00e4hige horizontale und vertikale Planetengetriebe zu entwickeln, die f\u00fcr ihre Leistung, Wirkungsgrad, Langlebigkeit und Rentabilit\u00e4t einen weltweit einzigartigen Ruf genie\u00dfen.<\/p>\n<p>&nbsp;<\/p>\n<div class=\"span4\">\n<div class=\"jce_caption\">\n<div><a class=\"fancybox-bcsa\" title=\"MAAG Planetengetriebe Typ CPU f\u00fcr den Zentralantrieb eines Brechers\" href=\"\/wp-content\/uploads\/2016\/12\/maag1-1.jpg\" target=\"_blank\" rel=\"bancs noopener noreferrer\"><img loading=\"lazy\" decoding=\"async\" class=\"aligncenter\" src=\"\/wp-content\/uploads\/2016\/12\/maag1-1.jpg\" alt=\"maag1\" width=\"266\" height=\"204\"><\/a><\/div>\n<div style=\"text-align: justify;\"><span class=\"child\">MAAG Planetengetriebe Typ CPU f\u00fcr den Zentralantrieb eines Brechers<\/span><\/div>\n<\/div>\n<\/div>\n<div class=\"span4\">\n<div class=\"jce_caption\">\n<div><a class=\"fancybox-bcsa\" title=\"MAAG modularer Zahnkranzgetriebe Typ LGDX f\u00fcr den Antrieb von Rohrkugelm\u00fchlen mit Zahnkranz. Die ausgereifte Alternative zu allen verf\u00fcgbaren Zahnkranzantriebe. \" href=\"\/wp-content\/uploads\/2022\/06\/LGDX-for-ball-mill-drive.jpg\" target=\"_blank\" rel=\"bancs noopener noreferrer\"><img decoding=\"async\" class=\"aligncenter\" src=\"\/wp-content\/uploads\/2022\/06\/LGDX-for-ball-mill-drive.jpg\" alt=\"MAAG modularer Zahnkranzgetriebe Typ LGDX f\u00fcr den Antrieb von Rohrkugelm\u00fchlen mit Zahnkranz\" height=\"204\"><\/a><\/div>\n<div style=\"text-align: justify;\"><span class=\"child\">MAAG modularer Zahnkranzgetriebe Typ LGDX f\u00fcr den Antrieb von Rohrkugelm\u00fchlen mit Zahnkranz<\/span><\/div>\n<\/div>\n<\/div>\n<div class=\"span4\">\n<div class=\"jce_caption\">\n<div><a class=\"fancybox-bcsa\" title=\"MAAG Planetengetriebe Typ WPU zum Antrieb eines Brechers (vertikal)\" href=\"\/wp-content\/uploads\/2016\/05\/maag3.jpg\" target=\"_blank\" rel=\"bancs noopener noreferrer\"><img loading=\"lazy\" decoding=\"async\" class=\"aligncenter\" src=\"\/wp-content\/uploads\/2016\/05\/maag3.jpg\" alt=\"maag3\" width=\"169\" height=\"204\"><\/a><\/div>\n<div style=\"text-align: justify;\"><span class=\"child\">MAAG Planetengetriebe Typ WPU zum Antrieb eines Brechers (vertikal)<\/span><\/div>\n<\/div>\n<\/div>\n<p><!--\n\n\n<div class=\"article-content\">\n\n\n<h2 class=\"contentheading\">MAAG Produkten <img loading=\"lazy\" decoding=\"async\" class=\"size-full wp-image-571 alignright\" src=\"http:\/\/www.boisset-et-cie.fr\/wp-content\/uploads\/2016\/05\/maag.jpg\" alt=\"maag\" width=\"144\" height=\"178\" \/><\/h2>\n\n\n<span lang=\"DE\">BCSA ist Alleinvertreter von <strong>MAAG<\/strong>\u00ae-Produkten in Frankreich und den Maghreb-Staaten.\nSeit 1913 entwickelt und fertigt die MAAG Gear AG Hightech Reduzier- und Turbogetriebe, die auch den komplexesten Pflichtenheften gerecht werden.<\/span>\n\nMaschinen von MAAG\u00ae \u00fcbersetzen sehr hohe Leistungen und Drehmomente unter widrigsten Bedingungen. Dies ist unter Anderem dank ihrer ausgereiften Gleitlagertechnologie, stark korrigierten Zahnr\u00e4dern und h\u00f6chst pr\u00e4zisen Bearbeitungsmethoden m\u00f6glich und haben MAAG\u00ae Getriebe zu einem unumg\u00e4nglichen Produkt f\u00fcr die Zementindustrie gemacht.\nDiese jahrelange Erfahrung hat MAAG\u00ae erlaubt leistungsf\u00e4hige horizontale und vertikale Planetengetriebe zu entwickeln, die f\u00fcr ihre Leistung, Wirkungsgrad, Langlebigkeit und Rentabilit\u00e4t einen weltweit einzigartigen Ruf genie\u00dfen.\n\n\n<table border=\"0\" cellspacing=\"15\">\n\n\n<tbody>\n\n\n<tr>\n\n\n<td>\n\n\n<div class=\"jce_caption\">\n\n<img loading=\"lazy\" decoding=\"async\" src=\"\/wp-content\/uploads\/2016\/05\/maag1.jpg\" alt=\"maag1\" width=\"202\" height=\"129\" \/>\n\n\n<div><span lang=\"DE\">MAAG Planetengetriebe Typ CPU f\u00fcr den <\/span>\n<span lang=\"DE\">Zentralantrieb eines Brechers<\/span><\/div>\n\n\n<\/div>\n\n<\/td>\n\n\n\n\n<td rowspan=\"2\">\n\n\n<div class=\"jce_caption\">\n\n<img loading=\"lazy\" decoding=\"async\" src=\"\/wp-content\/uploads\/2016\/05\/maag2.jpg\" alt=\"maag2\" width=\"279\" height=\"280\" \/>\n\n\n<div><span lang=\"DE\">MAAG Reduziergetriebe Typ LGD f\u00fcr den Querantrieb eines Brechers<\/span><\/div>\n\n\n<\/div>\n\n<\/td>\n\n\n<\/tr>\n\n\n\n\n<tr>\n\n\n<td>\n\n\n<div class=\"jce_caption\">\n\n<img loading=\"lazy\" decoding=\"async\" src=\"\/wp-content\/uploads\/2016\/05\/maag3.jpg\" alt=\"maag3\" width=\"169\" height=\"204\" \/>\n\n\n<div><span lang=\"DE\">MAAG Planetengetriebe Typ WPU\nzum Antrieb eines Brechers (vertikal)<\/span><\/div>\n\n\n<\/div>\n\n<\/td>\n\n\n<\/tr>\n\n\n<\/tbody>\n\n\n<\/table>\n\n\n<\/div>\n\n\n&nbsp;\n--><\/p>\n","protected":false},"excerpt":{"rendered":"<p>MAAG Produkten BCSA GEAR ist Alleinvertreter von MAAG\u00ae-Produkten in Frankreich und den Maghreb-Staaten. Seit 1913 entwickelt und fertigt die MAAG GEAR AG Hightech Reduzier- und Turbogetriebe, die auch den komplexesten Pflichtenheften gerecht werden. Maschinen von MAAG\u00ae \u00fcbersetzen sehr hohe Leistungen und Drehmomente unter widrigsten Bedingungen. Dies ist unter Anderem dank ihrer ausgereiften Gleitlagertechnologie, stark korrigierten [&hellip;]<\/p>\n","protected":false},"author":1,"featured_media":0,"parent":0,"menu_order":0,"comment_status":"closed","ping_status":"closed","template":"template-full-padded.php","meta":{"footnotes":""},"class_list":["post-54","page","type-page","status-publish","hentry"],"_links":{"self":[{"href":"https:\/\/dev.bcsagear.fr.srv01.kairios.fr\/de\/wp-json\/wp\/v2\/pages\/54","targetHints":{"allow":["GET"]}}],"collection":[{"href":"https:\/\/dev.bcsagear.fr.srv01.kairios.fr\/de\/wp-json\/wp\/v2\/pages"}],"about":[{"href":"https:\/\/dev.bcsagear.fr.srv01.kairios.fr\/de\/wp-json\/wp\/v2\/types\/page"}],"author":[{"embeddable":true,"href":"https:\/\/dev.bcsagear.fr.srv01.kairios.fr\/de\/wp-json\/wp\/v2\/users\/1"}],"replies":[{"embeddable":true,"href":"https:\/\/dev.bcsagear.fr.srv01.kairios.fr\/de\/wp-json\/wp\/v2\/comments?post=54"}],"version-history":[{"count":10,"href":"https:\/\/dev.bcsagear.fr.srv01.kairios.fr\/de\/wp-json\/wp\/v2\/pages\/54\/revisions"}],"predecessor-version":[{"id":4506,"href":"https:\/\/dev.bcsagear.fr.srv01.kairios.fr\/de\/wp-json\/wp\/v2\/pages\/54\/revisions\/4506"}],"wp:attachment":[{"href":"https:\/\/dev.bcsagear.fr.srv01.kairios.fr\/de\/wp-json\/wp\/v2\/media?parent=54"}],"curies":[{"name":"wp","href":"https:\/\/api.w.org\/{rel}","templated":true}]}}