{"id":52,"date":"2016-05-10T14:09:11","date_gmt":"2016-05-10T12:09:11","guid":{"rendered":"http:\/\/www.boisset-et-cie.fr\/?page_id=52&#038;lang=de"},"modified":"2018-03-13T17:53:20","modified_gmt":"2018-03-13T16:53:20","slug":"service","status":"publish","type":"page","link":"https:\/\/dev.bcsagear.fr.srv01.kairios.fr\/de\/service\/","title":{"rendered":"Dienstleistungen"},"content":{"rendered":"<h2 class=\"contentheading\"><span class=\"sel\">Dienstleistungen<\/span><\/h2>\n<p>Neben seinen Produkten hat BCSA GEAR spezifisches Know-how in zahlreichen Bereichen entwickelt, die seinen Kunden zur Verf\u00fcgung gestellt werden k\u00f6nnen.<\/p>\n<p><a class=\"more-link\" href=\"#weitere-infos\">Weitere <strong>Infos<\/strong><\/a><br \/>\n<div class=\"row-fluid\"><div class=\"span4\">\n<div class=\"jce_caption\">\n<h4 style=\"padding-left: 30px;\">Auswuchtung<\/h4>\n<div style=\"text-align: justify;\"><a class=\"fancybox-bcsa\" title=\"BCSA ist im Besitz des n\u00f6tigen Know-how und der notwendigen Mittel zur Durchf\u00fchrung von pr\u00e4zisen Auswuchtungen von Rotationselementen. Es handelt sich dabei um ein unverzichtbares Bestandteil zur Kontrolle der Zuverl\u00e4ssigkeit von Anlagen mit hohen Drehzahlen.\" href=\"\/wp-content\/uploads\/2016\/05\/PREST1.jpg\" target=\"_blank\" rel=\"noopener p\"><img loading=\"lazy\" decoding=\"async\" class=\"aligncenter\" src=\"\/wp-content\/uploads\/2016\/05\/PREST1.jpg\" alt=\"PREST1\" width=\"239\" height=\"179\" \/><\/a><\/div>\n<div style=\"text-align: justify;\"><span class=\"child\">BCSA GEAR ist im Besitz des n\u00f6tigen Know-how und der notwendigen Mittel zur Durchf\u00fchrung von pr\u00e4zisen Auswuchtungen von Rotationselementen. Es handelt sich dabei um ein unverzichtbares Bestandteil zur Kontrolle der Zuverl\u00e4ssigkeit von Anlagen mit hohen Drehzahlen.<\/span><\/div>\n<p>&nbsp;<\/p>\n<\/div>\n<\/div>\n<div class=\"span4\">\n<div class=\"jce_caption\">\n<h4>Schwingungsanalyse<\/h4>\n<div style=\"text-align: justify;\"><a class=\"fancybox-bcsa\" title=\"Auswertung von aufgezeichneten Schwingungskurven: Spektralanalyse, Bestimmung von kritischen Geschwindigkeiten, pr\u00e4ventive Fehlerdiagnose, Feststellung von Anomalien.\" href=\"\/wp-content\/uploads\/2016\/05\/PREST2.jpg\" target=\"_blank\" rel=\"noopener p\"><img loading=\"lazy\" decoding=\"async\" class=\"aligncenter\" src=\"\/wp-content\/uploads\/2016\/05\/PREST2.jpg\" alt=\"PREST2\" width=\"286\" height=\"179\" \/><\/a><\/div>\n<div style=\"text-align: justify;\"><span class=\"child\">Auswertung von aufgezeichneten Schwingungskurven: Spektralanalyse, Bestimmung von kritischen Geschwindigkeiten, pr\u00e4ventive Fehlerdiagnose, Feststellung von Anomalien.<\/span><\/div>\n<p>&nbsp;<\/p>\n<\/div>\n<\/div>\n<div class=\"span4\">\n<div class=\"jce_caption\">\n<h4>Gutachten und Diagnose<\/h4>\n<div style=\"text-align: justify;\"><a class=\"fancybox-bcsa\" title=\"St\u00f6rungsanalyse, Funktionstests, Diagnose. Kontrolle der Auswuchtung in der eigenen Werkstatt bzw. w\u00e4hrend des Anlagenbetriebs.\" href=\"\/wp-content\/uploads\/2016\/05\/PREST3.jpg\" target=\"_blank\" rel=\"noopener p\"><img loading=\"lazy\" decoding=\"async\" class=\"aligncenter\" src=\"\/wp-content\/uploads\/2016\/05\/PREST3.jpg\" alt=\"PREST3\" width=\"271\" height=\"179\" \/><\/a><\/div>\n<div style=\"text-align: justify;\"><span class=\"child\">St\u00f6rungsanalyse, Funktionstests, Diagnose. Kontrolle der Auswuchtung in der eigenen Werkstatt bzw. w\u00e4hrend des Anlagenbetriebs.<\/span><\/div>\n<p>&nbsp;<\/p>\n<\/div>\n<\/div><\/div>\n<div class=\"row-fluid\"><div class=\"span4\">\n<div class=\"jce_caption\">\n<h4>Produktpflege und pr\u00e4ventive Wartung<\/h4>\n<div style=\"text-align: justify;\"><a class=\"fancybox-bcsa\" title=\"Kenntnisse im Bereich der pr\u00e4ventiven Wartung und Produktpflege von mechanischen Bauteilen. Erstellung von Wartungsverfahren.\" href=\"\/wp-content\/uploads\/2016\/05\/PREST4.jpg\" target=\"_blank\" rel=\"noopener p\"><img loading=\"lazy\" decoding=\"async\" class=\"aligncenter\" src=\"\/wp-content\/uploads\/2016\/05\/PREST4.jpg\" alt=\"PREST4\" width=\"239\" height=\"179\" \/><\/a><\/div>\n<div style=\"text-align: justify;\"><span class=\"child\">Kenntnisse im Bereich der pr\u00e4ventiven Wartung und Produktpflege von mechanischen Bauteilen. Erstellung von Wartungsverfahren.<\/span><\/div>\n<p>&nbsp;<\/p>\n<\/div>\n<\/div>\n<div class=\"span4\">\n<div class=\"jce_caption\">\n<h4>Analyse des Kundenbedarfs<\/h4>\n<div style=\"text-align: justify;\"><a class=\"fancybox-bcsa\" title=\"Erstellung eines Pflichtenhefts in enger Zusammenarbeit mit dem Kunden um den jeweiligen Bedarf und Leistungskriterien genau zu erfassen.\" href=\"\/wp-content\/uploads\/2016\/05\/PREST5.jpg\" target=\"_blank\" rel=\"noopener p\"><img loading=\"lazy\" decoding=\"async\" class=\"aligncenter\" src=\"\/wp-content\/uploads\/2016\/05\/PREST5.jpg\" alt=\"PREST5\" width=\"239\" height=\"179\" \/><\/a><\/div>\n<div style=\"text-align: justify;\"><span class=\"child\">Erstellung eines Pflichtenhefts in enger Zusammenarbeit mit dem Kunden um den jeweiligen Bedarf und Leistungskriterien genau zu erfassen.<\/span><\/div>\n<p>&nbsp;<\/p>\n<\/div>\n<\/div>\n<div class=\"span4\">\n<div class=\"jce_caption\">\n<h4>Vorort Aufzeichnungen<\/h4>\n<div style=\"text-align: justify;\"><a class=\"fancybox-bcsa\" title=\"Durchf\u00fchrung von Schwingungs- und Temperaturaufnahmen vor Ort beim Kunden. Unsere Techniker und Ingenieure sind mit leistungsstarken und mobilen Testger\u00e4ten ausgestattet, die Daten von 12 analogen Eing\u00e4ngen simultan aufzeichnen k\u00f6nnen.\" href=\"\/wp-content\/uploads\/2016\/05\/PREST6.jpg\" target=\"_blank\" rel=\"noopener p\"><img loading=\"lazy\" decoding=\"async\" class=\"aligncenter\" src=\"\/wp-content\/uploads\/2016\/05\/PREST6.jpg\" alt=\"PREST6\" width=\"239\" height=\"179\" \/><\/a><\/div>\n<div style=\"text-align: justify;\"><span class=\"child\">Durchf\u00fchrung von Schwingungs- und Temperaturaufnahmen vor Ort beim Kunden. Unsere Techniker und Ingenieure sind mit leistungsstarken und mobilen Testger\u00e4ten ausgestattet, die Daten von 12 analogen Eing\u00e4ngen simultan aufzeichnen k\u00f6nnen.<\/span><\/div>\n<p>&nbsp;<\/p>\n<\/div>\n<\/div><\/div>\n<div class=\"row-fluid\"><div class=\"span4\">\n<div class=\"jce_caption\">\n<h4>Messanalyse<\/h4>\n<div style=\"text-align: justify;\"><a class=\"fancybox-bcsa\" title=\"Die beim Kunden durchgef\u00fchrten Aufzeichnungen werden intern mit Hilfe von leistungsstarken Auswertungsprogrammen analysiert und aufbereitet. Ein Pr\u00fcfbericht wird erstellt und dem Auftraggeber \u00fcbermittelt. Der Pr\u00fcfbericht enth\u00e4lt ebenfalls Angaben zu empfohlenen pr\u00e4ventiven Wartungsma\u00dfnahmen und zur notwendigen Produktpflege.\" href=\"\/wp-content\/uploads\/2016\/05\/PREST7.jpg\" target=\"_blank\" rel=\"noopener p\"><img loading=\"lazy\" decoding=\"async\" class=\"aligncenter\" src=\"\/wp-content\/uploads\/2016\/05\/PREST7.jpg\" alt=\"PREST7\" width=\"286\" height=\"179\" \/><\/a><\/div>\n<div style=\"text-align: justify;\"><span class=\"child\">Die beim Kunden durchgef\u00fchrten Aufzeichnungen werden intern mit Hilfe von leistungsstarken Auswertungsprogrammen analysiert und aufbereitet. Ein Pr\u00fcfbericht wird erstellt und dem Auftraggeber \u00fcbermittelt. Der Pr\u00fcfbericht enth\u00e4lt ebenfalls Angaben zu empfohlenen pr\u00e4ventiven Wartungsma\u00dfnahmen und zur notwendigen Produktpflege.<\/span><\/div>\n<p>&nbsp;<\/p>\n<\/div>\n<\/div>\n<div class=\"span4\">\n<div class=\"jce_caption\">\n<h4>Gutachten und Diagnose am Kundenstandort<\/h4>\n<div style=\"text-align: justify;\"><a class=\"fancybox-bcsa\" title=\"Unsere Ingenieure und Wartungstechniker stehen das ganze Jahr \u00fcber f\u00fcr Eins\u00e4tze zur Erstellung von Gutachten oder Diagnosen von mechanischen Anlagen zur Verf\u00fcgung. Ein Einsatz kann auch zu Ausmessungszwecken vor Ort beim Kunden organisiert werden.\" href=\"\/wp-content\/uploads\/2016\/05\/PREST8.jpg\" target=\"_blank\" rel=\"noopener p\"><img loading=\"lazy\" decoding=\"async\" class=\"aligncenter\" src=\"\/wp-content\/uploads\/2016\/05\/PREST8.jpg\" alt=\"PREST8\" width=\"275\" height=\"179\" \/><\/a><\/div>\n<div style=\"text-align: justify;\"><span class=\"child\">Unsere Ingenieure und Wartungstechniker stehen das ganze Jahr \u00fcber f\u00fcr Eins\u00e4tze zur Erstellung von Gutachten oder Diagnosen von mechanischen Anlagen zur Verf\u00fcgung. Ein Einsatz kann auch zu Ausmessungszwecken vor Ort beim Kunden organisiert werden.<\/span><\/div>\n<p>&nbsp;<\/p>\n<\/div>\n<\/div>\n<div class=\"span4\">\n<div class=\"jce_caption\">\n<h4>Einsatz am Kundenstandort<\/h4>\n<div style=\"text-align: justify;\"><a class=\"fancybox-bcsa\" title=\"Unsere Ingenieure und Wartungstechniker stehen das ganz Jahr \u00fcber f\u00fcr Eins\u00e4tze zur pr\u00e4ventiven Wartung, Produktpflege, Installation oder Inbetriebnahme vor Ort beim Kunden zur Verf\u00fcgung.\" href=\"\/wp-content\/uploads\/2016\/05\/PREST9.jpg\" target=\"_blank\" rel=\"noopener p\"><img loading=\"lazy\" decoding=\"async\" class=\"aligncenter\" src=\"\/wp-content\/uploads\/2016\/05\/PREST9-e1467015059557.jpg\" alt=\"PREST9\" width=\"261\" height=\"179\" \/><\/a><\/div>\n<div style=\"text-align: justify;\"><span class=\"child\">Unsere Ingenieure und Wartungstechniker stehen das ganz Jahr \u00fcber f\u00fcr Eins\u00e4tze zur pr\u00e4ventiven Wartung, Produktpflege, Installation oder Inbetriebnahme vor Ort beim Kunden zur Verf\u00fcgung.<\/span><\/div>\n<p>&nbsp;<\/p>\n<\/div>\n<\/div><\/div>\n<p><a name=\"weitere-infos\"><\/a><br \/>\n<strong>Service rund ums Getriebe:<\/strong><\/p>\n<ul>\n<li>Installation<\/li>\n<li>Inbetriebnahme<\/li>\n<li>Gutachten und Diagnose<\/li>\n<li>Auswuchtung<\/li>\n<li>Schwingungsanalyse<\/li>\n<li>Produktpflege und pr\u00e4ventive Wartung<\/li>\n<\/ul>\n<p><strong>Unsere St\u00e4rken:<\/strong><\/p>\n<ul>\n<li>Verst\u00e4ndnis und Einhaltung von Kundenw\u00fcnschen<\/li>\n<li>Installation von Mess- und Aufzeichnungsger\u00e4ten mit Echtzeitmodus, analoge und digitale Eing\u00e4nge<\/li>\n<li>Expertenteam f\u00fcr Vibrations- und Schwingungsanalysen<\/li>\n<li>Gutachten und Diagnose von operationellen Maschinen am Kundenstandort<\/li>\n<\/ul>\n<p>Montageteams f\u00fcr Eins\u00e4tze am Kundenstandort, Festlegung von Ma\u00dfnahmen zur pr\u00e4ventiven Wartung.<\/p>\n<p>&nbsp;<\/p>\n<p>Unsere Referenzkunden: AIRBUS, ALSTOM, Ciments Fran\u00e7ais, DASSAULT Aviation, EADS, ECDE, ERCC, ERCE, ERCO, EUROCOPTER, HISPANO-SUIZA, INEOS, ITP, LAFARGE, ONERA, RENAULT F1, SAFRAN, SONATRACH, THALES, TOTAL, TURBOMECA, ZODIAC.<\/p>\n","protected":false},"excerpt":{"rendered":"<p>Dienstleistungen Neben seinen Produkten hat BCSA GEAR spezifisches Know-how in zahlreichen Bereichen entwickelt, die seinen Kunden zur Verf\u00fcgung gestellt werden k\u00f6nnen. Weitere Infos Service rund ums Getriebe: Installation Inbetriebnahme Gutachten und Diagnose Auswuchtung Schwingungsanalyse Produktpflege und pr\u00e4ventive Wartung Unsere St\u00e4rken: Verst\u00e4ndnis und Einhaltung von Kundenw\u00fcnschen Installation von Mess- und Aufzeichnungsger\u00e4ten mit Echtzeitmodus, analoge und digitale [&hellip;]<\/p>\n","protected":false},"author":1,"featured_media":0,"parent":0,"menu_order":0,"comment_status":"closed","ping_status":"closed","template":"template-full-padded.php","meta":{"footnotes":""},"class_list":["post-52","page","type-page","status-publish","hentry"],"_links":{"self":[{"href":"https:\/\/dev.bcsagear.fr.srv01.kairios.fr\/de\/wp-json\/wp\/v2\/pages\/52","targetHints":{"allow":["GET"]}}],"collection":[{"href":"https:\/\/dev.bcsagear.fr.srv01.kairios.fr\/de\/wp-json\/wp\/v2\/pages"}],"about":[{"href":"https:\/\/dev.bcsagear.fr.srv01.kairios.fr\/de\/wp-json\/wp\/v2\/types\/page"}],"author":[{"embeddable":true,"href":"https:\/\/dev.bcsagear.fr.srv01.kairios.fr\/de\/wp-json\/wp\/v2\/users\/1"}],"replies":[{"embeddable":true,"href":"https:\/\/dev.bcsagear.fr.srv01.kairios.fr\/de\/wp-json\/wp\/v2\/comments?post=52"}],"version-history":[{"count":17,"href":"https:\/\/dev.bcsagear.fr.srv01.kairios.fr\/de\/wp-json\/wp\/v2\/pages\/52\/revisions"}],"predecessor-version":[{"id":3261,"href":"https:\/\/dev.bcsagear.fr.srv01.kairios.fr\/de\/wp-json\/wp\/v2\/pages\/52\/revisions\/3261"}],"wp:attachment":[{"href":"https:\/\/dev.bcsagear.fr.srv01.kairios.fr\/de\/wp-json\/wp\/v2\/media?parent=52"}],"curies":[{"name":"wp","href":"https:\/\/api.w.org\/{rel}","templated":true}]}}