{"id":32,"date":"2016-05-10T12:23:46","date_gmt":"2016-05-10T10:23:46","guid":{"rendered":"http:\/\/www.boisset-et-cie.fr\/?page_id=32&#038;lang=de"},"modified":"2018-03-13T17:50:53","modified_gmt":"2018-03-13T16:50:53","slug":"industriegetriebe","status":"publish","type":"page","link":"https:\/\/dev.bcsagear.fr.srv01.kairios.fr\/de\/industriegetriebe\/","title":{"rendered":"Industriegetriebe und Getriebe f\u00fcr Zementwerke"},"content":{"rendered":"<h2 class=\"contentheading\">Getriebe f\u00fcr Zementwerke und Industriegetriebe<\/h2>\n<p>F\u00fcr alle m\u00f6glichen Problemstellungen der mechanischen Leistungs\u00fcbertragung stellen die <strong>Getriebe von BCSA GEAR<\/strong> eine ma\u00dfgeschneiderte L\u00f6sung dar.<strong>D<\/strong><strong>ie Getriebe von BCSA GEAR<\/strong> werden Ihren Anforderungen gerecht:Einhaltung der verf\u00fcgbaren Abmessungen, Kapazit\u00e4tssteigerung, Getriebe\u00fcbersetzung, usw.<\/p>\n<div class=\"row-fluid\"><div class=\"span6\">\n<a href=\"https:\/\/dev.bcsagear.fr.srv01.kairios.fr\/getriebe-fuer-zementwerke\/?lang=de\"><img loading=\"lazy\" decoding=\"async\" class=\"wp-image-1538 aligncenter\" src=\"\/wp-content\/uploads\/2016\/06\/Cimenterie-1.jpg\" width=\"545\" height=\"409\" \/><\/a><\/p>\n<p style=\"text-align: justify;\">Eine gro\u00dfe Anzahl von Antriebsystemen in Zementwerken auf der ganzen Welt ist mit Getrieben von BCSA GEAR ausgestattet.Der Lieferumfang von BCSA GEAR beinhaltet das komplette Engineering von der Leistungs\u00fcbertragung zwischen Antriebsmotor und Brecher, Aufzugsanlagen, Zentrifugalseparator, Ventilatoren oder F\u00f6rderb\u00e4ndern sowie Berechnungen zur Torsion einer Anlage.<\/p>\n<\/div>\n<div class=\"span6\">\n<a href=\"https:\/\/dev.bcsagear.fr.srv01.kairios.fr\/industriegetriebe-2\/?lang=de\"><img loading=\"lazy\" decoding=\"async\" class=\"wp-image-1611 aligncenter\" src=\"http:\/\/www.boisset-et-cie.fr\/wp-content\/uploads\/2016\/05\/2008-09-bcsa-096-1024x768.jpg\" alt=\"2008 09 bcsa 096\" width=\"545\" height=\"409\" srcset=\"https:\/\/dev.bcsagear.fr.srv01.kairios.fr\/wp-content\/uploads\/2016\/05\/2008-09-bcsa-096-1024x768.jpg 1024w, https:\/\/dev.bcsagear.fr.srv01.kairios.fr\/wp-content\/uploads\/2016\/05\/2008-09-bcsa-096-300x225.jpg 300w, https:\/\/dev.bcsagear.fr.srv01.kairios.fr\/wp-content\/uploads\/2016\/05\/2008-09-bcsa-096-768x576.jpg 768w, https:\/\/dev.bcsagear.fr.srv01.kairios.fr\/wp-content\/uploads\/2016\/05\/2008-09-bcsa-096.jpg 2048w\" sizes=\"auto, (max-width: 545px) 100vw, 545px\" \/><\/a><\/p>\n<p style=\"text-align: justify;\">Getriebe von BCSA GEAR werden f\u00fcr eine gro\u00dfe Anzahl von Antriebsystemen in verschiedensten Industriebereichen eingesetzt. <span lang=\"DE\">Chemische Industrie, Eisen- und Stahlindustrie, Nuklearindustrie, Wasserkraftwerke und Papierindustrie (Pumpen, Materialhandling, F\u00f6rderb\u00e4ndern, R\u00fchrwerke, usw.)<\/span><\/p>\n<\/div><\/div>\n","protected":false},"excerpt":{"rendered":"<p>Getriebe f\u00fcr Zementwerke und Industriegetriebe F\u00fcr alle m\u00f6glichen Problemstellungen der mechanischen Leistungs\u00fcbertragung stellen die Getriebe von BCSA GEAR eine ma\u00dfgeschneiderte L\u00f6sung dar.Die Getriebe von BCSA GEAR werden Ihren Anforderungen gerecht:Einhaltung der verf\u00fcgbaren Abmessungen, Kapazit\u00e4tssteigerung, Getriebe\u00fcbersetzung, usw.<\/p>\n","protected":false},"author":1,"featured_media":0,"parent":0,"menu_order":0,"comment_status":"closed","ping_status":"closed","template":"template-full-padded.php","meta":{"footnotes":""},"class_list":["post-32","page","type-page","status-publish","hentry"],"_links":{"self":[{"href":"https:\/\/dev.bcsagear.fr.srv01.kairios.fr\/de\/wp-json\/wp\/v2\/pages\/32","targetHints":{"allow":["GET"]}}],"collection":[{"href":"https:\/\/dev.bcsagear.fr.srv01.kairios.fr\/de\/wp-json\/wp\/v2\/pages"}],"about":[{"href":"https:\/\/dev.bcsagear.fr.srv01.kairios.fr\/de\/wp-json\/wp\/v2\/types\/page"}],"author":[{"embeddable":true,"href":"https:\/\/dev.bcsagear.fr.srv01.kairios.fr\/de\/wp-json\/wp\/v2\/users\/1"}],"replies":[{"embeddable":true,"href":"https:\/\/dev.bcsagear.fr.srv01.kairios.fr\/de\/wp-json\/wp\/v2\/comments?post=32"}],"version-history":[{"count":19,"href":"https:\/\/dev.bcsagear.fr.srv01.kairios.fr\/de\/wp-json\/wp\/v2\/pages\/32\/revisions"}],"predecessor-version":[{"id":3258,"href":"https:\/\/dev.bcsagear.fr.srv01.kairios.fr\/de\/wp-json\/wp\/v2\/pages\/32\/revisions\/3258"}],"wp:attachment":[{"href":"https:\/\/dev.bcsagear.fr.srv01.kairios.fr\/de\/wp-json\/wp\/v2\/media?parent=32"}],"curies":[{"name":"wp","href":"https:\/\/api.w.org\/{rel}","templated":true}]}}