{"id":2150,"date":"2016-12-21T11:56:52","date_gmt":"2016-12-21T10:56:52","guid":{"rendered":"http:\/\/www.boisset-et-cie.fr\/?page_id=2150&#038;lang=de"},"modified":"2018-03-13T17:22:39","modified_gmt":"2018-03-13T16:22:39","slug":"aeronautischer-pruefstand","status":"publish","type":"page","link":"https:\/\/dev.bcsagear.fr.srv01.kairios.fr\/de\/aeronautischer-pruefstand\/","title":{"rendered":"Aeronautischer Pr\u00fcfstand"},"content":{"rendered":"<h2 class=\"contentheading\">Aeronautischer Pr\u00fcfstand<\/h2>\n<p>BCSA GEAR ist seit mehr als 50 Jahren eines der weltweit f\u00fchrenden Unternehmen in der Konzeption, Fertigung und der Inbetriebnahme von Pr\u00fcfst\u00e4nden und Pr\u00fcfsystemen.<\/p>\n<p><a class=\"more-link\" href=\"#weitere-infos\">Weitere <strong>Infos<\/strong><\/a><br \/>\n<div class=\"span4\">\n<div class=\"jce_caption\">\n<h4 style=\"padding-left: 30px;\">Aeronautik: Pr\u00fcfst\u00e4nde f\u00fcr Flugzeugmotoren<\/h4>\n<div><a class=\"fancybox-bcsa\" title=\"Mechanische Komponenten f\u00fcr Verfahren zum Simulieren von Tr\u00e4gheitsmomenten f\u00fcr Pr\u00fcfst\u00e4nde von Propeller-Turbo-Triebwerken bei voller Leistung und Maximalgeschwindigkeit. Anbringung zwischen Flugzeugmotor und Maschine zur Lastsimulation von 12 MW bei 11500 U\/min.\" href=\"\/wp-content\/uploads\/2016\/05\/ESS1.jpg\" target=\"_blank\" rel=\"bancs noopener\"><img loading=\"lazy\" decoding=\"async\" class=\"aligncenter\" src=\"\/wp-content\/uploads\/2016\/05\/ESS1.jpg\" alt=\"ESS1\" width=\"286\" height=\"179\" \/><\/a><\/div>\n<div style=\"text-align: justify;\"><span class=\"child\">Mechanische Komponenten f\u00fcr Verfahren zum Simulieren von Tr\u00e4gheitsmomenten f\u00fcr Pr\u00fcfst\u00e4nde von Propeller-Turbo-Triebwerken bei voller Leistung und Maximalgeschwindigkeit. Anbringung zwischen Flugzeugmotor und Maschine zur Lastsimulation von 12 MW bei 11500 U\/min.<\/span><\/div>\n<\/div>\n<\/div>\n<div class=\"span4\">\n<div class=\"jce_caption\">\n<div class=\"jce_caption\">\n<h4>Verteidigung<\/h4>\n<div><\/div>\n<div style=\"text-align: justify;\"><span class=\"child\"><a class=\"fancybox-bcsa\" title=\"Pr\u00fcfstand f\u00fcr den Starter-Generator eines Helikopters inklusive: elektrischer Antrieb, Turbogetriebe, Bremssystem, Drehmomentmesser und Zentralschmierung.\" href=\"\/wp-content\/uploads\/2016\/05\/banc4.jpg\" target=\"_blank\" rel=\"bancs noopener\"><img loading=\"lazy\" decoding=\"async\" class=\"aligncenter\" src=\"\/wp-content\/uploads\/2016\/05\/banc4.jpg\" alt=\"banc4\" width=\"327\" height=\"179\" \/><\/a><\/span><\/div>\n<div style=\"text-align: justify;\"><span class=\"child\">Pr\u00fcfstand f\u00fcr den Starter-Generator eines Helikopters inklusive: elektrischer Antrieb, Turbogetriebe, Bremssystem, Drehmomentmesser und Zentralschmierung.<\/span><\/div>\n<\/div>\n<\/div>\n<\/div>\n<div class=\"span4\">\n<div class=\"jce_caption\">\n<div class=\"jce_caption\">\n<h4>Hubschrauber pr\u00fcfstand<\/h4>\n<div><\/div>\n<div><a class=\"fancybox-bcsa\" title=\"Polyvaltenter Pr\u00fcfstand f\u00fcr Hauptgetriebe von Helikoptern. Kompletter Pr\u00fcfstand f\u00fcr Helikoptergetriebe unter Aufbringung der Rotation und der Belastung mit Kontroll- und Datenaufzeichnungssystem sowie automatischem Ladesystem, 4MW bei 27 000 U\/min.\" href=\"\/wp-content\/uploads\/2016\/05\/ESS6.jpg\" target=\"_blank\" rel=\"bancs noopener\"><img loading=\"lazy\" decoding=\"async\" class=\"aligncenter\" src=\"\/wp-content\/uploads\/2016\/05\/ESS6.jpg\" alt=\"ESS6\" width=\"119\" height=\"179\" \/><\/a><\/div>\n<div style=\"text-align: justify;\"><span class=\"child\"><span class=\"child\">Polyvaltenter Pr\u00fcfstand f\u00fcr Hauptgetriebe von Helikoptern. Kompletter Pr\u00fcfstand f\u00fcr Helikoptergetriebe unter Aufbringung der Rotation und der Belastung mit Kontroll- und Datenaufzeichnungssystem sowie automatischem Ladesystem, 4MW bei 27 000 U\/min.<br \/>\n<\/span><\/span><\/div>\n<\/div>\n<\/div>\n<\/div>\n<div class=\"span4\">\n<div class=\"jce_caption\">\n<div class=\"jce_caption\">\n<div class=\"jce_caption\">\n<h4>Abnahmetest am Pr\u00fcfstand<\/h4>\n<div style=\"text-align: justify;\"><a class=\"fancybox-bcsa\" title=\"Alle Anlagen werden in unserer Fertigung nach Absprache mit dem Kunden anhand unserer eigenen Pr\u00fcfst\u00e4nde getestet. Alle Funktionalit\u00e4ten werden getestet und alle charakteristischen Daten gespeichert und in Form eines Testberichts festgehalten gemeinsam mit der Dokumentation der Testverfahren \u00fcbergeben.\" href=\"\/wp-content\/uploads\/2016\/05\/ESS7.jpg\" target=\"_blank\" rel=\"bancs noopener\"><img loading=\"lazy\" decoding=\"async\" class=\"aligncenter\" src=\"\/wp-content\/uploads\/2016\/05\/ESS7.jpg\" alt=\"ESS7\" width=\"246\" height=\"179\" \/><\/a><\/div>\n<div style=\"text-align: justify;\"><span class=\"child\">Alle Anlagen werden in unserer Fertigung nach Absprache mit dem Kunden anhand unserer eigenen Pr\u00fcfst\u00e4nde getestet. Alle Funktionalit\u00e4ten werden getestet und alle charakteristischen Daten gespeichert und in Form eines Testberichts festgehalten gemeinsam mit der Dokumentation der Testverfahren \u00fcbergeben.<\/span><\/div>\n<\/div>\n<\/div>\n<\/div>\n<\/div>\n<div class=\"span4\">\n<div class=\"jce_caption\">\n<div class=\"jce_caption\">\n<div class=\"jce_caption\">\n<h4>Pr\u00fcfstand f\u00fcr Flugzeuggenerator<\/h4>\n<div><a class=\"fancybox-bcsa\" title=\"Pr\u00fcfstand mit komplettem elektromechanischem Antriebsystem (Motor mit regelbarer Drehzahl, \u00dcbersetzungsgetriebe, Zentralschmierung) sowie Steuerungs- und \u00dcberwachungssysteme (Drehzahlregler, \u00dcberwachung der Temperaturen und Vibrationen).\" href=\"\/wp-content\/uploads\/2016\/05\/ESS8.jpg\" target=\"_blank\" rel=\"bancs noopener\"><img loading=\"lazy\" decoding=\"async\" class=\"aligncenter\" src=\"\/wp-content\/uploads\/2016\/05\/ESS8.jpg\" alt=\"ESS8\" width=\"228\" height=\"179\" \/><\/a><\/div>\n<div style=\"text-align: justify;\"><span class=\"child\">Pr\u00fcfstand mit komplettem elektromechanischem Antriebsystem (Motor mit regelbarer Drehzahl, \u00dcbersetzungsgetriebe, Zentralschmierung) sowie Steuerungs- und \u00dcberwachungssysteme (Drehzahlregler, \u00dcberwachung der Temperaturen und Vibrationen).<\/span><\/div>\n<\/div>\n<\/div>\n<\/div>\n<\/div>\n<div class=\"span4\">\n<div class=\"jce_caption\">\n<div class=\"jce_caption\">\n<div class=\"jce_caption\">\n<h4>Pr\u00fcfst\u00e4nde f\u00fcr Kompressoren<\/h4>\n<div><a class=\"fancybox-bcsa\" title=\"Pr\u00fcfstand f\u00fcr die Entwicklung einer neuen Generation von Flugzeug-Kompressormotoren mit komplettem elektromechanischem Antriebsystem (Motor mit regelbarer Drehzahl, \u00dcbersetzungsgetriebe, Zentralschmierung) sowie Steuerungs- und \u00dcberwachungssysteme (Drehzahlregler, \u00dcberwachung der Temperaturen und Vibrationen).\" href=\"\/wp-content\/uploads\/2016\/05\/ESS9.jpg\" target=\"_blank\" rel=\"bancs noopener\"><img loading=\"lazy\" decoding=\"async\" class=\"aligncenter\" src=\"\/wp-content\/uploads\/2016\/05\/ESS9.jpg\" alt=\"ESS9\" width=\"280\" height=\"179\" \/><\/a><\/div>\n<div style=\"text-align: justify;\"><span class=\"child\">Pr\u00fcfstand f\u00fcr die Entwicklung einer neuen Generation von Flugzeug-Kompressormotoren mit komplettem elektromechanischem Antriebsystem (Motor mit regelbarer Drehzahl, \u00dcbersetzungsgetriebe, Zentralschmierung) sowie Steuerungs- und \u00dcberwachungssysteme (Drehzahlregler, \u00dcberwachung der Temperaturen und Vibrationen).<\/span><\/div>\n<\/div>\n<\/div>\n<\/div>\n<\/div>\n<div class=\"row-fluid\"><\/div>\n<p><a name=\"weitere-infos\"><\/a><br \/>\nDie Pr\u00fcfst\u00e4nde von BCSA GEAR finden in folgenden Industriebereichen Anwendung:<\/p>\n<ul>\n<li>Luft- und Raumfahrt: Flugzeugpr\u00fcfst\u00e4nde (Iron Bird), Pr\u00fcfst\u00e4nde f\u00fcr Motoren, Pr\u00fcfst\u00e4nde f\u00fcr Generatoren, Pr\u00fcfst\u00e4nde f\u00fcr Hubschraubergetriebe, Pr\u00fcfst\u00e4nde f\u00fcr Nebengetriebe, Pr\u00fcfst\u00e4nde f\u00fcr Radsatzlager, Pr\u00fcfst\u00e4nde f\u00fcr Kompressoren, usw.<\/li>\n<li>Automobilsport, Formel 1: Pr\u00fcfst\u00e4nde f\u00fcr Motoren, Pr\u00fcfst\u00e4nde f\u00fcr Getriebe, usw.<\/li>\n<li>Nutzfahrzeuge: Pr\u00fcfst\u00e4nde f\u00fcr Motoren, Pr\u00fcfst\u00e4nde f\u00fcr Getriebe, usw.<\/li>\n<li>Schienentransport: Pr\u00fcfst\u00e4nde f\u00fcr Antriebsmotoren, usw.<\/li>\n<li>R\u00fcstungsindustrie: Pr\u00fcfst\u00e4nde f\u00fcr Leistungs\u00fcbertragung von Panzerfahrzeugen,<\/li>\n<li>Industrie: Pr\u00fcfst\u00e4nde f\u00fcr Elektromotoren, &#8230;<\/li>\n<\/ul>\n<p>Unsere St\u00e4rken:<\/p>\n<ul>\n<li>Verst\u00e4ndnis und Anpassung an Bed\u00fcrfnisse und Anforderungen unserer Kunden: Schl\u00fcsselfertige Pr\u00fcfst\u00e4nde entsprechend spezifischer Anfragen.<\/li>\n<li>Komplette Ausf\u00fchrung eines schl\u00fcsselfertigen Projekts.<\/li>\n<\/ul>\n<p>Umfassendes Know-how bei der Probleml\u00f6sung im Zusammenhang mit sehr hohen Drehzahlen (Auswuchtung, kritische Geschwindigkeiten, Vibrationsanalyse, Schmierung).<\/p>\n<p>&nbsp;<\/p>\n<p>Unsere Referenzkunden: ABB, AIRBUS, ALSTOM, AVL, CONVERTEAM, COSWORTH, DASSAULT Aviation, EADS, EUROCOPTER, HISPANO-SUIZA, ITP, LIEBERR Aerospace, LOCKHEED-MARTIN, NEXTER, ONERA, PRATT &amp; WHITNEY, RENAULT F1, SAFRAN, THALES, TURBOMECA, ZODIAC.<\/p>\n","protected":false},"excerpt":{"rendered":"<p>Aeronautischer Pr\u00fcfstand BCSA GEAR ist seit mehr als 50 Jahren eines der weltweit f\u00fchrenden Unternehmen in der Konzeption, Fertigung und der Inbetriebnahme von Pr\u00fcfst\u00e4nden und Pr\u00fcfsystemen. Weitere Infos Die Pr\u00fcfst\u00e4nde von BCSA GEAR finden in folgenden Industriebereichen Anwendung: Luft- und Raumfahrt: Flugzeugpr\u00fcfst\u00e4nde (Iron Bird), Pr\u00fcfst\u00e4nde f\u00fcr Motoren, Pr\u00fcfst\u00e4nde f\u00fcr Generatoren, Pr\u00fcfst\u00e4nde f\u00fcr Hubschraubergetriebe, Pr\u00fcfst\u00e4nde f\u00fcr [&hellip;]<\/p>\n","protected":false},"author":2,"featured_media":0,"parent":0,"menu_order":0,"comment_status":"closed","ping_status":"closed","template":"template-full-padded.php","meta":{"footnotes":""},"class_list":["post-2150","page","type-page","status-publish","hentry"],"_links":{"self":[{"href":"https:\/\/dev.bcsagear.fr.srv01.kairios.fr\/de\/wp-json\/wp\/v2\/pages\/2150","targetHints":{"allow":["GET"]}}],"collection":[{"href":"https:\/\/dev.bcsagear.fr.srv01.kairios.fr\/de\/wp-json\/wp\/v2\/pages"}],"about":[{"href":"https:\/\/dev.bcsagear.fr.srv01.kairios.fr\/de\/wp-json\/wp\/v2\/types\/page"}],"author":[{"embeddable":true,"href":"https:\/\/dev.bcsagear.fr.srv01.kairios.fr\/de\/wp-json\/wp\/v2\/users\/2"}],"replies":[{"embeddable":true,"href":"https:\/\/dev.bcsagear.fr.srv01.kairios.fr\/de\/wp-json\/wp\/v2\/comments?post=2150"}],"version-history":[{"count":10,"href":"https:\/\/dev.bcsagear.fr.srv01.kairios.fr\/de\/wp-json\/wp\/v2\/pages\/2150\/revisions"}],"predecessor-version":[{"id":3225,"href":"https:\/\/dev.bcsagear.fr.srv01.kairios.fr\/de\/wp-json\/wp\/v2\/pages\/2150\/revisions\/3225"}],"wp:attachment":[{"href":"https:\/\/dev.bcsagear.fr.srv01.kairios.fr\/de\/wp-json\/wp\/v2\/media?parent=2150"}],"curies":[{"name":"wp","href":"https:\/\/api.w.org\/{rel}","templated":true}]}}