{"id":2130,"date":"2016-12-20T17:15:08","date_gmt":"2016-12-20T16:15:08","guid":{"rendered":"http:\/\/www.boisset-et-cie.fr\/?page_id=2130&#038;lang=de"},"modified":"2018-03-13T17:18:48","modified_gmt":"2018-03-13T16:18:48","slug":"wettbewerbauto-und-eisenbahn-pruefstand","status":"publish","type":"page","link":"https:\/\/dev.bcsagear.fr.srv01.kairios.fr\/de\/wettbewerbauto-und-eisenbahn-pruefstand\/","title":{"rendered":"Wettbewerbauto und eisenbahn pr\u00fcfstand"},"content":{"rendered":"<h2 class=\"contentheading\">Wettbewerbauto und eisenbahn pr\u00fcfstand<\/h2>\n<p>BCSA GEAR ist seit mehr als 50 Jahren eines der weltweit f\u00fchrenden Unternehmen in der Konzeption, Fertigung und der Inbetriebnahme von Pr\u00fcfst\u00e4nden und Pr\u00fcfsystemen.<\/p>\n<p><a class=\"more-link\" href=\"#weitere-infos\">Weitere <strong>Infos<\/strong><\/a><\/p>\n<div class=\"row-fluid\"><div class=\"span6\">\n<div class=\"jce_caption\">\n<h4>Automobilindustrie: Pr\u00fcfst\u00e4nde f\u00fcr F1 Motoren<\/h4>\n<div><a class=\"fancybox-bcsa\" title=\"Erh\u00f6hungsgetriebe f\u00fcr Pr\u00fcfst\u00e4nde von F1-Motoren bei Maximalgeschwindigkeit und voller Leistung. Anbringung zwischen Flugzeugmotor und Maschine zur Lastsimulation von 800 kW bei 22000 U\/min.\" href=\"\/wp-content\/uploads\/2016\/05\/ESS2.jpg\" target=\"_blank\" rel=\"bancs noopener\"><img loading=\"lazy\" decoding=\"async\" class=\"aligncenter\" src=\"\/wp-content\/uploads\/2016\/05\/ESS2.jpg\" alt=\"ESS2\" width=\"231\" height=\"179\" \/><\/a><\/div>\n<div style=\"text-align: justify;\"><span class=\"child\">Erh\u00f6hungsgetriebe f\u00fcr Pr\u00fcfst\u00e4nde von F1-Motoren bei Maximalgeschwindigkeit und voller Leistung. Anbringung zwischen Flugzeugmotor und Maschine zur Lastsimulation von 800 kW bei 22000 U\/min.<\/span><\/div>\n<\/div>\n<\/div>\n<div class=\"span6\">\n<div class=\"jce_caption\">\n<h4>Schienentransport: Pr\u00fcfst\u00e4nde f\u00fcr Antriebsmotoren, usw<\/h4>\n<div><a class=\"fancybox-bcsa\" title=\"Pr\u00fcfst\u00e4nde f\u00fcr Schienenfahrzeuge. Erm\u00f6glicht sieben Motoren gleichzeitig zu pr\u00fcfen. Ausgestattet mit einem \u00dcberwachungssystem zur regelm\u00e4\u00dfigen Kontrolle der Temperatur und des Schwingungspegels. 2,2 MW bei 6000 U\/min.\" href=\"\/wp-content\/uploads\/2016\/05\/ESS3.jpg\" target=\"_blank\" rel=\"bancs noopener\"><img loading=\"lazy\" decoding=\"async\" class=\"aligncenter\" src=\"\/wp-content\/uploads\/2016\/05\/ESS3.jpg\" alt=\"ESS3\" width=\"269\" height=\"179\" \/><\/a><\/div>\n<div style=\"text-align: justify;\"><span class=\"child\">Pr\u00fcfst\u00e4nde f\u00fcr Schienenfahrzeuge. Erm\u00f6glicht sieben Motoren gleichzeitig zu pr\u00fcfen. Ausgestattet mit einem \u00dcberwachungssystem zur regelm\u00e4\u00dfigen Kontrolle der Temperatur und des Schwingungspegels. 2,2 MW bei 6000 U\/min.<\/p>\n<p><\/span><\/div>\n<\/div>\n<\/div><\/div>\n<div class=\"row-fluid\"><div class=\"span6\">\n<div class=\"jce_caption\">\n<h4>Industrie: Entwicklungspr\u00fcfstand f\u00fcr Automobilgetriebe<\/h4>\n<div><a class=\"fancybox-bcsa\" title=\"Pr\u00fcfstand f\u00fcr die Entwicklung einer neuen Generation von Getrieben f\u00fcr Landfahrzeuge.\" href=\"\/wp-content\/uploads\/2016\/05\/ESS5.jpg\" target=\"_blank\" rel=\"bancs noopener\"><img loading=\"lazy\" decoding=\"async\" class=\"aligncenter\" src=\"\/wp-content\/uploads\/2016\/05\/ESS5.jpg\" alt=\"ESS5\" width=\"249\" height=\"179\" \/><\/a><\/div>\n<div style=\"text-align: justify;\"><span class=\"child\">Pr\u00fcfstand f\u00fcr die Entwicklung einer neuen Generation von Getrieben f\u00fcr Landfahrzeuge.<\/span><\/div>\n<\/div>\n<\/div>\n<div class=\"span6\">\n<div class=\"jce_caption\">\n<h4>Abnahmetest am Pr\u00fcfstand<\/h4>\n<div><a class=\"fancybox-bcsa\" title=\"Alle Anlagen werden in unserer Fertigung nach Absprache mit dem Kunden anhand unserer eigenen Pr\u00fcfst\u00e4nde getestet. Alle Funktionalit\u00e4ten werden getestet und alle charakteristischen Daten gespeichert und in Form eines Testberichts festgehalten gemeinsam mit der Dokumentation der Testverfahren \u00fcbergeben.\" href=\"\/wp-content\/uploads\/2016\/05\/ESS7.jpg\" target=\"_blank\" rel=\"bancs noopener\"><img loading=\"lazy\" decoding=\"async\" class=\"aligncenter\" src=\"\/wp-content\/uploads\/2016\/05\/ESS7.jpg\" alt=\"ESS3\" width=\"246\" height=\"179\" \/><\/a><\/div>\n<div style=\"text-align: justify;\"><span class=\"child\">Alle Anlagen werden in unserer Fertigung nach Absprache mit dem Kunden anhand unserer eigenen Pr\u00fcfst\u00e4nde getestet. Alle Funktionalit\u00e4ten werden getestet und alle charakteristischen Daten gespeichert und in Form eines Testberichts festgehalten gemeinsam mit der Dokumentation der Testverfahren \u00fcbergeben.<\/span><\/div>\n<\/div>\n<\/div><\/div>\n<p><a name=\"weitere-infos\"><\/a><br \/>\nDie Pr\u00fcfst\u00e4nde von BCSA GEAR finden in folgenden Industriebereichen Anwendung:<\/p>\n<ul>\n<li>Luft- und Raumfahrt: Flugzeugpr\u00fcfst\u00e4nde (Iron Bird), Pr\u00fcfst\u00e4nde f\u00fcr Motoren, Pr\u00fcfst\u00e4nde f\u00fcr Generatoren, Pr\u00fcfst\u00e4nde f\u00fcr Hubschraubergetriebe, Pr\u00fcfst\u00e4nde f\u00fcr Nebengetriebe, Pr\u00fcfst\u00e4nde f\u00fcr Radsatzlager, Pr\u00fcfst\u00e4nde f\u00fcr Kompressoren, usw.<\/li>\n<li>Automobilsport, Formel 1: Pr\u00fcfst\u00e4nde f\u00fcr Motoren, Pr\u00fcfst\u00e4nde f\u00fcr Getriebe, usw.<\/li>\n<li>Nutzfahrzeuge: Pr\u00fcfst\u00e4nde f\u00fcr Motoren, Pr\u00fcfst\u00e4nde f\u00fcr Getriebe, usw.<\/li>\n<li>Schienentransport: Pr\u00fcfst\u00e4nde f\u00fcr Antriebsmotoren, usw.<\/li>\n<li>R\u00fcstungsindustrie: Pr\u00fcfst\u00e4nde f\u00fcr Leistungs\u00fcbertragung von Panzerfahrzeugen,<\/li>\n<li>Industrie: Pr\u00fcfst\u00e4nde f\u00fcr Elektromotoren, &#8230;<\/li>\n<\/ul>\n<p>Unsere St\u00e4rken:<\/p>\n<ul>\n<li>Verst\u00e4ndnis und Anpassung an Bed\u00fcrfnisse und Anforderungen unserer Kunden: Schl\u00fcsselfertige Pr\u00fcfst\u00e4nde entsprechend spezifischer Anfragen.<\/li>\n<li>Komplette Ausf\u00fchrung eines schl\u00fcsselfertigen Projekts.<\/li>\n<\/ul>\n<p>Umfassendes Know-how bei der Probleml\u00f6sung im Zusammenhang mit sehr hohen Drehzahlen (Auswuchtung, kritische Geschwindigkeiten, Vibrationsanalyse, Schmierung).<\/p>\n<p>&nbsp;<\/p>\n<p>Unsere Referenzkunden: ABB, AIRBUS, ALSTOM, AVL, CONVERTEAM, COSWORTH, DASSAULT Aviation, EADS, EUROCOPTER, HISPANO-SUIZA, ITP, LIEBERR Aerospace, LOCKHEED-MARTIN, NEXTER, ONERA, PRATT &amp; WHITNEY, RENAULT F1, SAFRAN, THALES, TURBOMECA, ZODIAC.<\/p>\n","protected":false},"excerpt":{"rendered":"<p>Wettbewerbauto und eisenbahn pr\u00fcfstand BCSA GEAR ist seit mehr als 50 Jahren eines der weltweit f\u00fchrenden Unternehmen in der Konzeption, Fertigung und der Inbetriebnahme von Pr\u00fcfst\u00e4nden und Pr\u00fcfsystemen. Weitere Infos Die Pr\u00fcfst\u00e4nde von BCSA GEAR finden in folgenden Industriebereichen Anwendung: Luft- und Raumfahrt: Flugzeugpr\u00fcfst\u00e4nde (Iron Bird), Pr\u00fcfst\u00e4nde f\u00fcr Motoren, Pr\u00fcfst\u00e4nde f\u00fcr Generatoren, Pr\u00fcfst\u00e4nde f\u00fcr Hubschraubergetriebe, [&hellip;]<\/p>\n","protected":false},"author":2,"featured_media":0,"parent":0,"menu_order":0,"comment_status":"closed","ping_status":"closed","template":"template-full-padded.php","meta":{"footnotes":""},"class_list":["post-2130","page","type-page","status-publish","hentry"],"_links":{"self":[{"href":"https:\/\/dev.bcsagear.fr.srv01.kairios.fr\/de\/wp-json\/wp\/v2\/pages\/2130","targetHints":{"allow":["GET"]}}],"collection":[{"href":"https:\/\/dev.bcsagear.fr.srv01.kairios.fr\/de\/wp-json\/wp\/v2\/pages"}],"about":[{"href":"https:\/\/dev.bcsagear.fr.srv01.kairios.fr\/de\/wp-json\/wp\/v2\/types\/page"}],"author":[{"embeddable":true,"href":"https:\/\/dev.bcsagear.fr.srv01.kairios.fr\/de\/wp-json\/wp\/v2\/users\/2"}],"replies":[{"embeddable":true,"href":"https:\/\/dev.bcsagear.fr.srv01.kairios.fr\/de\/wp-json\/wp\/v2\/comments?post=2130"}],"version-history":[{"count":6,"href":"https:\/\/dev.bcsagear.fr.srv01.kairios.fr\/de\/wp-json\/wp\/v2\/pages\/2130\/revisions"}],"predecessor-version":[{"id":3223,"href":"https:\/\/dev.bcsagear.fr.srv01.kairios.fr\/de\/wp-json\/wp\/v2\/pages\/2130\/revisions\/3223"}],"wp:attachment":[{"href":"https:\/\/dev.bcsagear.fr.srv01.kairios.fr\/de\/wp-json\/wp\/v2\/media?parent=2130"}],"curies":[{"name":"wp","href":"https:\/\/api.w.org\/{rel}","templated":true}]}}