{"id":1517,"date":"2016-06-28T16:52:48","date_gmt":"2016-06-28T14:52:48","guid":{"rendered":"http:\/\/www.boisset-et-cie.fr\/?page_id=1517&#038;lang=de"},"modified":"2018-03-13T17:38:35","modified_gmt":"2018-03-13T16:38:35","slug":"industriegetriebe-2","status":"publish","type":"page","link":"https:\/\/dev.bcsagear.fr.srv01.kairios.fr\/de\/industriegetriebe-2\/","title":{"rendered":"Industriegetriebe"},"content":{"rendered":"<h2>Industriegetriebe<\/h2>\n<p>&nbsp;<\/p>\n<p>F\u00fcr alle m\u00f6glichen Problemstellungen der mechanischen Leistungs\u00fcbertragung stellen die Getriebe von BCSA eine ma\u00dfgeschneiderte L\u00f6sung dar.<br \/>\nDie Reduziergetriebe von BCSA GEAR werden jedem Kundenanspruch gerecht: Einhaltung der vorgegebenen Abmessungen, Kapazit\u00e4tssteigerung, Getriebe\u00fcbersetzung, usw.<br \/>\nSie sind Bestandteil anspruchsvoller Industrieanlagen: F\u00f6rder- und Hebeger\u00e4te, Pumpen, Walzen, Gebl\u00e4semaschinen, R\u00fchrmaschinen und Mischer.<br \/>\n<div class=\"row-fluid\"><div class=\"span4\">\n<div class=\"jce_caption\">\n<h4 style=\"padding-left: 30px;\">Reduziergetriebe f\u00fcr F\u00f6rderb\u00e4nder und Hebe- und F\u00f6rderger\u00e4te<\/h4>\n<div style=\"text-align: justify;\"><a class=\"fancybox-bcsa\" title=\"Reduziergetriebe der Produktlinie A \u201eHebe- und F\u00f6rderger\u00e4te\u201c mit Monoblock-Geh\u00e4use f\u00fcr einen geringen Platzbedarf, genormter Achsabstand zwischen 250 mm und 1250 mm. Montage anhand schwimmender Befestigung der Hohlachse oder Getriebe mit Fu\u00dfausf\u00fchrung zum Anbau. Anwendungen: Antrieb von F\u00f6rderb\u00e4ndern, Hebe- und F\u00f6rderger\u00e4ten und Laufkranen. Hubleistung bis zu 2500 kN.\" href=\"\/wp-content\/uploads\/2016\/05\/RI1-U_KR3673_maroc_trans_alc630.jpg\" target=\"_blank\" rel=\"noopener p\"><img loading=\"lazy\" decoding=\"async\" class=\"aligncenter\" src=\"\/wp-content\/uploads\/2016\/05\/RI1-U_KR3673_maroc_trans_alc630.jpg\" alt=\"RI1-U_KR3673_maroc_trans_alc630\" width=\"323\" height=\"179\" \/><\/a><\/div>\n<div style=\"text-align: justify;\"><span class=\"child\">Reduziergetriebe der Produktlinie A \u201eHebe- und F\u00f6rderger\u00e4te\u201c mit Monoblock-Geh\u00e4use f\u00fcr einen geringen Platzbedarf, genormter Achsabstand zwischen 250 mm und 1250 mm. Montage anhand schwimmender Befestigung der Hohlachse oder Getriebe mit Fu\u00dfausf\u00fchrung zum Anbau. Anwendungen: Antrieb von F\u00f6rderb\u00e4ndern, Hebe- und F\u00f6rderger\u00e4ten und Laufkranen. Hubleistung bis zu 2500 kN.<\/span><\/div>\n<p>&nbsp;<\/p>\n<\/div>\n<\/div>\n<div class=\"span4\">\n<div class=\"jce_caption\">\n<h4>Reduziergetriebe f\u00fcr Pumpen<\/h4>\n<div style=\"text-align: justify;\"><a class=\"fancybox-bcsa\" title=\"Antriebsuntersetzungsgetriebe f\u00fcr Pumpen in explosionsgef\u00e4hrdetem Umfeld. Autonom, im Geh\u00e4use integrierter \u00d6ltank, mit einem Schmier- und K\u00fchlsystem ausgestattet.\" href=\"\/wp-content\/uploads\/2016\/05\/RI2-DCP_2696.jpg\" target=\"_blank\" rel=\"noopener p\"><img loading=\"lazy\" decoding=\"async\" class=\"aligncenter\" src=\"\/wp-content\/uploads\/2016\/05\/RI2-DCP_2696.jpg\" alt=\"RI2-DCP_2696\" width=\"294\" height=\"179\" \/><\/a><\/div>\n<div style=\"text-align: justify;\"><span class=\"child\">Antriebsuntersetzungsgetriebe f\u00fcr Pumpen in explosionsgef\u00e4hrdetem Umfeld. Autonom, im Geh\u00e4use integrierter \u00d6ltank, mit einem Schmier- und K\u00fchlsystem ausgestattet.<\/span><\/div>\n<p>&nbsp;<\/p>\n<\/div>\n<\/div>\n<div class=\"span4\">\n<div class=\"jce_caption\">\n<h4>Reduziergetriebe f\u00fcr Hebe- und F\u00f6rderger\u00e4te<\/h4>\n<div style=\"text-align: justify;\"><a class=\"fancybox-bcsa\" title=\"Reduziergetriebe der Produktlinie A \u201eHebe- und F\u00f6rderger\u00e4te\u201c. Vertikalgetriebe mit seitlich austretender Welle. Monoblock-Geh\u00e4use. Anwendung f\u00fcr Laufkrane zum Katzfahren und Kranfahren. Kann mit einer Kupplung, Bremsvorrichtung, Freilaufrad oder Differentialgetriebe ausgestattet werden.\" href=\"\/wp-content\/uploads\/2016\/05\/RI4-U_KR3571_zahana_a250v2.jpg\" target=\"_blank\" rel=\"noopener p\"><img loading=\"lazy\" decoding=\"async\" class=\"aligncenter\" src=\"\/wp-content\/uploads\/2016\/05\/RI4-U_KR3571_zahana_a250v2.jpg\" alt=\"RI4-U_KR3571_zahana_a250v2\" width=\"262\" height=\"179\" \/><\/a><\/div>\n<div style=\"text-align: justify;\"><span class=\"child\">Reduziergetriebe der Produktlinie A \u201eHebe- und F\u00f6rderger\u00e4te\u201c. Vertikalgetriebe mit seitlich austretender Welle. Monoblock-Geh\u00e4use. Anwendung f\u00fcr Laufkrane zum Katzfahren und Kranfahren. Kann mit einer Kupplung, Bremsvorrichtung, Freilaufrad oder Differentialgetriebe ausgestattet werden.<\/span><\/div>\n<p>&nbsp;<\/p>\n<\/div>\n<\/div><\/div>\n<div class=\"row-fluid\"><div class=\"span4\">\n<div class=\"jce_caption\">\n<h4>Reduziergetriebe f\u00fcr R\u00fchrmaschinen<\/h4>\n<div style=\"text-align: justify;\"><a class=\"fancybox-bcsa\" title=\"Antriebsunterst\u00fctzung f\u00fcr R\u00fchrmaschinen und Mischer anhand eines Kegelstirnrad-Getriebes, konstruiert unter Einhaltung der Norm API 677. Ein Drucklager erm\u00f6glicht die Aufnahme der axialen Beanspruchung der Antriebswelle (langsam).\" href=\"\/wp-content\/uploads\/2016\/05\/RI5-U_KR3264_lightnin.jpg\" target=\"_blank\" rel=\"noopener p\"><img loading=\"lazy\" decoding=\"async\" class=\"aligncenter\" src=\"\/wp-content\/uploads\/2016\/05\/RI5-U_KR3264_lightnin.jpg\" alt=\"RI5-U_KR3264_lightnin\" width=\"286\" height=\"179\" \/><\/a><\/div>\n<div style=\"text-align: justify;\"><span class=\"child\">Antriebsunterst\u00fctzung f\u00fcr R\u00fchrmaschinen und Mischer anhand eines Kegelstirnrad-Getriebes, konstruiert unter Einhaltung der Norm API 677. Ein Drucklager erm\u00f6glicht die Aufnahme der axialen Beanspruchung der Antriebswelle (langsam).<\/span><\/div>\n<p>&nbsp;<\/p>\n<\/div>\n<\/div>\n<div class=\"span4\">\n<div class=\"jce_caption\">\n<h4>Reduziergetriebe f\u00fcr Hilfsaggregate<\/h4>\n<div style=\"text-align: justify;\"><a class=\"fancybox-bcsa\" title=\"Reduziergetriebe f\u00fcr Hilfsaggregate. Beinhaltet ein automatisches Entkopplungssystem des Anla\u00dfmotors mit Positionsbestimmung durch Schalter. Geschwindigkeit bis zu 12500 U\/min.\" href=\"\/wp-content\/uploads\/2016\/05\/reducteurs-serieU.jpg\" target=\"_blank\" rel=\"noopener p\"><img loading=\"lazy\" decoding=\"async\" class=\"aligncenter\" src=\"\/wp-content\/uploads\/2016\/05\/reducteurs-serieU.jpg\" alt=\"RI6-SP_KR3881_sep\" width=\"274\" height=\"179\" \/><\/a><\/div>\n<div style=\"text-align: justify;\"><span class=\"child\">Reduziergetriebe f\u00fcr Hilfsaggregate. Beinhaltet ein automatisches Entkopplungssystem des Anla\u00dfmotors mit Positionsbestimmung durch Schalter. Geschwindigkeit bis zu 12500 U\/min.<\/span><\/div>\n<p>&nbsp;<\/p>\n<\/div>\n<\/div>\n<div class=\"span4\">\n<div class=\"jce_caption\">\n<h4>Reduziergetriebe f\u00fcr Aufz\u00fcge<\/h4>\n<div style=\"text-align: justify;\"><a class=\"fancybox-bcsa\" title=\"\" href=\"\/wp-content\/uploads\/2016\/05\/RI6-SP_KR3881_sep.jpg\" target=\"_blank\" rel=\"noopener p\"><img loading=\"lazy\" decoding=\"async\" class=\"aligncenter\" src=\"\/wp-content\/uploads\/2016\/05\/RI6-SP_KR3881_sep.jpg\" alt=\"reducteurs-serieU\" width=\"231\" height=\"179\" \/><\/a><\/div>\n<div style=\"text-align: justify;\"><\/div>\n<p>&nbsp;<\/p>\n<\/div>\n<\/div><\/div>\n<div class=\"row-fluid\"><div class=\"span4\">\n<div class=\"jce_caption\">\n<h4>Spezielles Reduziergetriebe f\u00fcr Prototypen<\/h4>\n<div style=\"text-align: justify;\"><a class=\"fancybox-bcsa\" title=\"Spezialgetriebe mit Aluminiumguss-Geh\u00e4use. Anwendung: Entwicklung von Hybridantrieben in der Automobilindustrie. Drehzahl: 24000 \/ 9050 U\/min.\" href=\"\/wp-content\/uploads\/2016\/05\/reducteurs-special.jpg\" target=\"_blank\" rel=\"noopener p\"><img loading=\"lazy\" decoding=\"async\" class=\"aligncenter\" src=\"\/wp-content\/uploads\/2016\/05\/reducteurs-special.jpg\" alt=\"reducteurs-special\" width=\"153\" height=\"179\" \/><\/a><\/div>\n<div style=\"text-align: justify;\"><span class=\"child\">Spezialgetriebe mit Aluminiumguss-Geh\u00e4use. Anwendung: Entwicklung von Hybridantrieben in der Automobilindustrie. Drehzahl: 24000 \/ 9050 U\/min.<\/span><\/div>\n<p>&nbsp;<\/p>\n<\/div>\n<\/div>\n<div class=\"span4\">\n<div class=\"jce_caption\">\n<h4>Reduziergetriebe f\u00fcr Papierpressen<\/h4>\n<div style=\"text-align: justify;\"><a class=\"fancybox-bcsa\" title=\"Kegelstirnrad-Getriebe der Produktlinie U \u201eUniversell\u201c. Anwendung f\u00fcr Papierpressen. Eine Nutzung Rund um die Uhr rechtfertigt das \u00d6lk\u00fchlsystem.\" href=\"\/wp-content\/uploads\/2016\/05\/reducteurs-arbres.jpg\" target=\"_blank\" rel=\"noopener p\"><img loading=\"lazy\" decoding=\"async\" class=\"aligncenter\" src=\"\/wp-content\/uploads\/2016\/05\/reducteurs-arbres.jpg\" alt=\"reducteurs-arbres\" width=\"271\" height=\"179\" \/><\/a><\/div>\n<div style=\"text-align: justify;\"><span class=\"child\">Kegelstirnrad-Getriebe der Produktlinie U \u201eUniversell\u201c. Anwendung f\u00fcr Papierpressen. Eine Nutzung Rund um die Uhr rechtfertigt das \u00d6lk\u00fchlsystem.<\/span><\/div>\n<p>&nbsp;<\/p>\n<\/div>\n<\/div>\n<div class=\"span4\">\n<div class=\"jce_caption\">\n<h4>Turbogetriebe f\u00fcr Wasserkraftwerke<\/h4>\n<div style=\"text-align: justify;\"><a class=\"fancybox-bcsa\" title=\"Turbogetriebe f\u00fcr Wasserkraftwerke: Leistung bis 5000 kW, Wirkungsgrad \u00fcber 98%, integriertes Drucklager zur Aufnahme der axialen Beanspruchung der Turbine. Konfigurationen mit Vertikalwellen oder Rohrturbinensatz sind auch m\u00f6glich.\" href=\"\/wp-content\/uploads\/2016\/05\/multiplicateur.jpg\" target=\"_blank\" rel=\"noopener p\"><img loading=\"lazy\" decoding=\"async\" class=\"aligncenter\" src=\"\/wp-content\/uploads\/2016\/05\/multiplicateur.jpg\" alt=\"multiplicateur\" width=\"123\" height=\"179\" \/><\/a><\/div>\n<div style=\"text-align: justify;\"><span class=\"child\">Turbogetriebe f\u00fcr Wasserkraftwerke: Leistung bis 5000 kW, Wirkungsgrad \u00fcber 98%, integriertes Drucklager zur Aufnahme der axialen Beanspruchung der Turbine. Konfigurationen mit Vertikalwellen oder Rohrturbinensatz sind auch m\u00f6glich.<\/span><\/div>\n<p>&nbsp;<\/p>\n<\/div>\n<\/div><\/div>\n<p>Unsere Referenzkunden: ALSTOM POWER, ARCELOR, ARKEMA, ENDESA, GEA-BTT, GE THERMODYN, METALCOLOR, NOVA CHEMICALS, REEL, SHEM, THIN PAPER, VALLOUREC<\/p>\n","protected":false},"excerpt":{"rendered":"<p>Industriegetriebe &nbsp; F\u00fcr alle m\u00f6glichen Problemstellungen der mechanischen Leistungs\u00fcbertragung stellen die Getriebe von BCSA eine ma\u00dfgeschneiderte L\u00f6sung dar. Die Reduziergetriebe von BCSA GEAR werden jedem Kundenanspruch gerecht: Einhaltung der vorgegebenen Abmessungen, Kapazit\u00e4tssteigerung, Getriebe\u00fcbersetzung, usw. Sie sind Bestandteil anspruchsvoller Industrieanlagen: F\u00f6rder- und Hebeger\u00e4te, Pumpen, Walzen, Gebl\u00e4semaschinen, R\u00fchrmaschinen und Mischer. Unsere Referenzkunden: ALSTOM POWER, ARCELOR, ARKEMA, ENDESA, [&hellip;]<\/p>\n","protected":false},"author":2,"featured_media":0,"parent":0,"menu_order":0,"comment_status":"closed","ping_status":"closed","template":"template-full-padded.php","meta":{"footnotes":""},"class_list":["post-1517","page","type-page","status-publish","hentry"],"_links":{"self":[{"href":"https:\/\/dev.bcsagear.fr.srv01.kairios.fr\/de\/wp-json\/wp\/v2\/pages\/1517","targetHints":{"allow":["GET"]}}],"collection":[{"href":"https:\/\/dev.bcsagear.fr.srv01.kairios.fr\/de\/wp-json\/wp\/v2\/pages"}],"about":[{"href":"https:\/\/dev.bcsagear.fr.srv01.kairios.fr\/de\/wp-json\/wp\/v2\/types\/page"}],"author":[{"embeddable":true,"href":"https:\/\/dev.bcsagear.fr.srv01.kairios.fr\/de\/wp-json\/wp\/v2\/users\/2"}],"replies":[{"embeddable":true,"href":"https:\/\/dev.bcsagear.fr.srv01.kairios.fr\/de\/wp-json\/wp\/v2\/comments?post=1517"}],"version-history":[{"count":6,"href":"https:\/\/dev.bcsagear.fr.srv01.kairios.fr\/de\/wp-json\/wp\/v2\/pages\/1517\/revisions"}],"predecessor-version":[{"id":3246,"href":"https:\/\/dev.bcsagear.fr.srv01.kairios.fr\/de\/wp-json\/wp\/v2\/pages\/1517\/revisions\/3246"}],"wp:attachment":[{"href":"https:\/\/dev.bcsagear.fr.srv01.kairios.fr\/de\/wp-json\/wp\/v2\/media?parent=1517"}],"curies":[{"name":"wp","href":"https:\/\/api.w.org\/{rel}","templated":true}]}}