{"id":1435,"date":"2016-06-28T10:43:58","date_gmt":"2016-06-28T08:43:58","guid":{"rendered":"http:\/\/www.boisset-et-cie.fr\/?page_id=1435&#038;lang=de"},"modified":"2020-04-09T20:49:50","modified_gmt":"2020-04-09T18:49:50","slug":"uber-uns","status":"publish","type":"page","link":"https:\/\/dev.bcsagear.fr.srv01.kairios.fr\/de\/uber-uns\/","title":{"rendered":"\u00dcber uns"},"content":{"rendered":"<h2 style=\"padding-left: 30px;\">\u00dcber uns<\/h2>\n<p>&nbsp;<\/p>\n<p>Die Firma BCSA GEAR ist seit mehr als 70 Jahren Spezialist im Bereich der Kraft\u00fcbertragung und bietet zuverl\u00e4ssige Produkte in den Bereichen Reduzier- und Turbogetriebe sowie spezifische mechanische Getriebe wie Pr\u00fcfst\u00e4nde, die den Forderungen anspruchsvoller Industrien in Punkten wie Leistung, Lebensdauer und Pr\u00e4zision gerecht werden:<\/p>\n<p>Pr\u00fcfst\u00e4nde f\u00fcr die Luftfahrtindustrie; Verteidigung, Formel 1 (Motoren, Generatoren, Zahnradgetriebe, Lager, usw.)<br \/>\nGetriebe f\u00fcr Zementwerke (Brecher, Brenn\u00f6fen, Aufz\u00fcge, Gebl\u00e4se, dynamische Abscheider, F\u00f6rderb\u00e4nder, usw.)<br \/>\nIndustriegetriebe (f\u00fcr Pumpen, Hebezeuge, F\u00f6rderb\u00e4nder usw.)<br \/>\nTurbo- und Reduziergetriebe f\u00fcr die \u00d6l- und Gasindustrie (Kompressoren, Zentrifugen oder Hubkolbenkompressoren, Zentrifugalpumpen und andere, Generatoren, usw.)<\/p>\n<p>Unser Kow-how der MAAG Technologie, Berechnungen anhand spezifischer Programme, Industriezeichnungen und Testeinrichtungen erm\u00f6glichen uns zuverl\u00e4ssige und speziell an Ihren Bedarf angepasste Produkte bereitstellen zu k\u00f6nnen.<\/p>\n<p>Gerne \u00fcbernehmen wir auch die komplette Abwicklung schl\u00fcsselfertiger Projekte.<\/p>\n<p>Design und technische Spezifikation:<\/p>\n<p>Umlaufende Maschinen<br \/>\nKonzeption und Berechnungen<br \/>\nKritische Drehzahl<br \/>\nBerechnungsverfahren (FEM, usw.)<\/p>\n<p>Technische Bereiche:<\/p>\n<p>Zahnr\u00e4der<br \/>\nAusrichtung und Auswuchtung<br \/>\n\u00dcberwachung, Monitoring, Datenerfassung<br \/>\nSchmierung, Pumpen, Filtrierung, W\u00e4rmeaustausch<br \/>\nVibration und Schwingungsanalyse<\/p>\n<p>Dank unserer umfassenden Kenntnisse, k\u00f6nnen wir komplette Projekte \u00fcbernehmen:<\/p>\n<p>Projektmanagement<br \/>\nDesign und technische Spezifikationen<br \/>\nSupervision der Installationen vor Ort auf der Baustelle<br \/>\nMaterialbeschaffung<br \/>\nTests und Inbetriebnahme<\/p>\n<p>Alle Abl\u00e4ufe der unterschiedlichen Projektphasen entsprechen den Qualit\u00e4tsstandards ISO 9001 Version 2015.<\/p>\n<p>BCSA GEAR kann aufgrund seiner Firmenhistorie auf die Technologien ACMI und MAAG France zur\u00fcckgreifen.<\/p>\n","protected":false},"excerpt":{"rendered":"<p>\u00dcber uns &nbsp; Die Firma BCSA GEAR ist seit mehr als 70 Jahren Spezialist im Bereich der Kraft\u00fcbertragung und bietet zuverl\u00e4ssige Produkte in den Bereichen Reduzier- und Turbogetriebe sowie spezifische mechanische Getriebe wie Pr\u00fcfst\u00e4nde, die den Forderungen anspruchsvoller Industrien in Punkten wie Leistung, Lebensdauer und Pr\u00e4zision gerecht werden: Pr\u00fcfst\u00e4nde f\u00fcr die Luftfahrtindustrie; Verteidigung, Formel 1 [&hellip;]<\/p>\n","protected":false},"author":2,"featured_media":0,"parent":0,"menu_order":0,"comment_status":"closed","ping_status":"closed","template":"template-full-padded.php","meta":{"footnotes":""},"class_list":["post-1435","page","type-page","status-publish","hentry"],"_links":{"self":[{"href":"https:\/\/dev.bcsagear.fr.srv01.kairios.fr\/de\/wp-json\/wp\/v2\/pages\/1435","targetHints":{"allow":["GET"]}}],"collection":[{"href":"https:\/\/dev.bcsagear.fr.srv01.kairios.fr\/de\/wp-json\/wp\/v2\/pages"}],"about":[{"href":"https:\/\/dev.bcsagear.fr.srv01.kairios.fr\/de\/wp-json\/wp\/v2\/types\/page"}],"author":[{"embeddable":true,"href":"https:\/\/dev.bcsagear.fr.srv01.kairios.fr\/de\/wp-json\/wp\/v2\/users\/2"}],"replies":[{"embeddable":true,"href":"https:\/\/dev.bcsagear.fr.srv01.kairios.fr\/de\/wp-json\/wp\/v2\/comments?post=1435"}],"version-history":[{"count":7,"href":"https:\/\/dev.bcsagear.fr.srv01.kairios.fr\/de\/wp-json\/wp\/v2\/pages\/1435\/revisions"}],"predecessor-version":[{"id":4301,"href":"https:\/\/dev.bcsagear.fr.srv01.kairios.fr\/de\/wp-json\/wp\/v2\/pages\/1435\/revisions\/4301"}],"wp:attachment":[{"href":"https:\/\/dev.bcsagear.fr.srv01.kairios.fr\/de\/wp-json\/wp\/v2\/media?parent=1435"}],"curies":[{"name":"wp","href":"https:\/\/api.w.org\/{rel}","templated":true}]}}