{"id":1389,"date":"2016-06-27T16:07:37","date_gmt":"2016-06-27T14:07:37","guid":{"rendered":"http:\/\/www.boisset-et-cie.fr\/?page_id=1389&#038;lang=de"},"modified":"2020-04-09T20:40:05","modified_gmt":"2020-04-09T18:40:05","slug":"wilkommen-bcsa-gear","status":"publish","type":"page","link":"https:\/\/dev.bcsagear.fr.srv01.kairios.fr\/de\/","title":{"rendered":"Wilkommen BCSA GEAR"},"content":{"rendered":"<section class=\"section section-padded \"><div class=\"container-fluid\"><div class=\"section-header\"><h1>Mechanische Kraft\u00fcbertragung durch Zahnr\u00e4der<\/h1><\/div><div class=\"row-fluid\">\n<p>Die Firma BCSA GEAR ist seit mehr als 70 Jahren Spezialist im Bereich der Kraft\u00fcbertragung und bietet zuverl\u00e4ssige Produkte in den Bereichen Reduzier- und Turbogetriebe sowie spezifische mechanische Getriebe wie Pr\u00fcfst\u00e4nde, die den Forderungen anspruchsvoller Industrien in Punkten wie Leistung, Lebensdauer und Pr\u00e4zision gerecht werden. Wir entwerfen nach Ma\u00df <a href=\"https:\/\/dev.bcsagear.fr.srv01.kairios.fr\/driving-solution\/?lang=de\"><strong>Antriebsvorrichtungen<\/strong><\/a>, <a href=\"https:\/\/dev.bcsagear.fr.srv01.kairios.fr\/pruefstaende\/?lang=de\"><strong>Pr\u00fcfst\u00e4nde<\/strong><\/a>, <a href=\"https:\/\/dev.bcsagear.fr.srv01.kairios.fr\/industriegetriebe\/?lang=de\"><strong>Industriegetriebe<\/strong><\/a>, <a href=\"https:\/\/dev.bcsagear.fr.srv01.kairios.fr\/turbo-multiplicateurs-2\/?lang=de\"><strong>Turbogetriebe<\/strong><\/a>, und <strong><a href=\"https:\/\/dev.bcsagear.fr.srv01.kairios.fr\/lubrification-unit\/?lang=de\">Schmiereinheiten.<\/a><\/strong><\/p>\n<p style=\"text-align: right;\"><a href=\"https:\/\/dev.bcsagear.fr.srv01.kairios.fr\/uber-uns?lang=de\/\">Weitere <strong>Infos<\/strong><\/a><\/p>\n<\/div><\/div><\/section>\n<section class=\"section section-padded \"><div class=\"container-fluid\"><div class=\"row-fluid\"><ul class=\"unstyled row-fluid\"><li class=\"span4\"><div class=\"round-box box-big \"><a href=\"https:\/\/dev.bcsagear.fr.srv01.kairios.fr\/de\/driving-solution\/\" class=\"box-inner\"><img loading=\"lazy\" decoding=\"async\" width=\"300\" height=\"300\" src=\"https:\/\/dev.bcsagear.fr.srv01.kairios.fr\/wp-content\/uploads\/2016\/04\/Solutions-dentra\u00eenement.png\" class=\"img-circle wp-post-image\" alt=\"Wilkommen BCSA GEAR\" srcset=\"https:\/\/dev.bcsagear.fr.srv01.kairios.fr\/wp-content\/uploads\/2016\/04\/Solutions-dentra\u00eenement.png 300w, https:\/\/dev.bcsagear.fr.srv01.kairios.fr\/wp-content\/uploads\/2016\/04\/Solutions-dentra\u00eenement-150x150.png 150w\" sizes=\"auto, (max-width: 300px) 100vw, 300px\" \/><\/a><\/div><a href=\"https:\/\/dev.bcsagear.fr.srv01.kairios.fr\/de\/driving-solution\/\"><h3 class=\"text-center\">Antriebsvorrichtung<\/h3><\/a><p><p>Speed increaser for dynamic balancing machines, speed changing tools machines integrator<br \/>\n&nbsp;<\/p>\n<\/p><a href=\"https:\/\/dev.bcsagear.fr.srv01.kairios.fr\/de\/driving-solution\/\" class=\"more-link\">En savoir <strong>Plus<\/strong><\/a><\/li><li class=\"span4\"><div class=\"round-box box-big \"><a href=\"https:\/\/dev.bcsagear.fr.srv01.kairios.fr\/de\/pruefstaende\/\" class=\"box-inner\"><img loading=\"lazy\" decoding=\"async\" width=\"300\" height=\"300\" src=\"https:\/\/dev.bcsagear.fr.srv01.kairios.fr\/wp-content\/uploads\/2016\/06\/Bancs-dessais400X400-300x300.png\" class=\"img-circle wp-post-image\" alt=\"Wilkommen BCSA GEAR\" srcset=\"https:\/\/dev.bcsagear.fr.srv01.kairios.fr\/wp-content\/uploads\/2016\/06\/Bancs-dessais400X400-300x300.png 300w, https:\/\/dev.bcsagear.fr.srv01.kairios.fr\/wp-content\/uploads\/2016\/06\/Bancs-dessais400X400-150x150.png 150w, https:\/\/dev.bcsagear.fr.srv01.kairios.fr\/wp-content\/uploads\/2016\/06\/Bancs-dessais400X400.png 400w\" sizes=\"auto, (max-width: 300px) 100vw, 300px\" \/><\/a><\/div><a href=\"https:\/\/dev.bcsagear.fr.srv01.kairios.fr\/de\/pruefstaende\/\"><h3 class=\"text-center\">Pr\u00fcfst\u00e4nde<\/h3><\/a><p><p>Speed increaser for aeronautics, automotive, railway and F1 industries (ERS system)<br \/>\n&nbsp;<\/p>\n<\/p><a href=\"https:\/\/dev.bcsagear.fr.srv01.kairios.fr\/de\/pruefstaende\/\" class=\"more-link\">En savoir <strong>Plus<\/strong><\/a><\/li><li class=\"span4\"><div class=\"round-box box-big \"><a href=\"https:\/\/dev.bcsagear.fr.srv01.kairios.fr\/de\/industriegetriebe\/\" class=\"box-inner\"><img loading=\"lazy\" decoding=\"async\" width=\"300\" height=\"300\" src=\"https:\/\/dev.bcsagear.fr.srv01.kairios.fr\/wp-content\/uploads\/2016\/04\/Cimenterie.png\" class=\"img-circle wp-post-image\" alt=\"Wilkommen BCSA GEAR\" srcset=\"https:\/\/dev.bcsagear.fr.srv01.kairios.fr\/wp-content\/uploads\/2016\/04\/Cimenterie.png 300w, https:\/\/dev.bcsagear.fr.srv01.kairios.fr\/wp-content\/uploads\/2016\/04\/Cimenterie-150x150.png 150w\" sizes=\"auto, (max-width: 300px) 100vw, 300px\" \/><\/a><\/div><a href=\"https:\/\/dev.bcsagear.fr.srv01.kairios.fr\/de\/industriegetriebe\/\"><h3 class=\"text-center\">Industriegetriebe<\/h3><\/a><p><p>Standard reducers for different purposes (ciment, steel, hoisting, nuclear or gate winch actuation industries &#8230;)<\/p>\n<\/p><a href=\"https:\/\/dev.bcsagear.fr.srv01.kairios.fr\/de\/industriegetriebe\/\" class=\"more-link\">En savoir <strong>Plus<\/strong><\/a><\/li><\/ul><ul class=\"unstyled row-fluid\"><li class=\"span4\"><div class=\"round-box box-big \"><a href=\"https:\/\/dev.bcsagear.fr.srv01.kairios.fr\/de\/turbo-multiplicateurs-2\/\" class=\"box-inner\"><img loading=\"lazy\" decoding=\"async\" width=\"300\" height=\"300\" src=\"https:\/\/dev.bcsagear.fr.srv01.kairios.fr\/wp-content\/uploads\/2016\/04\/Petrole-et-gaz.png\" class=\"img-circle wp-post-image\" alt=\"Wilkommen BCSA GEAR\" srcset=\"https:\/\/dev.bcsagear.fr.srv01.kairios.fr\/wp-content\/uploads\/2016\/04\/Petrole-et-gaz.png 300w, https:\/\/dev.bcsagear.fr.srv01.kairios.fr\/wp-content\/uploads\/2016\/04\/Petrole-et-gaz-150x150.png 150w\" sizes=\"auto, (max-width: 300px) 100vw, 300px\" \/><\/a><\/div><a href=\"https:\/\/dev.bcsagear.fr.srv01.kairios.fr\/de\/turbo-multiplicateurs-2\/\"><h3 class=\"text-center\">Turbogetriebe<\/h3><\/a><p><p>Turbo gearboxes for the oil and gas industry<br \/>\n&nbsp;<\/p>\n<\/p><a href=\"https:\/\/dev.bcsagear.fr.srv01.kairios.fr\/de\/turbo-multiplicateurs-2\/\" class=\"more-link\">En savoir <strong>Plus<\/strong><\/a><\/li><li class=\"span4\"><div class=\"round-box box-big \"><a href=\"https:\/\/dev.bcsagear.fr.srv01.kairios.fr\/de\/lubrification-unit\/\" class=\"box-inner\"><img loading=\"lazy\" decoding=\"async\" width=\"300\" height=\"300\" src=\"https:\/\/dev.bcsagear.fr.srv01.kairios.fr\/wp-content\/uploads\/2016\/06\/Centrales-de-lubrification-1.png\" class=\"img-circle wp-post-image\" alt=\"Wilkommen BCSA GEAR\" srcset=\"https:\/\/dev.bcsagear.fr.srv01.kairios.fr\/wp-content\/uploads\/2016\/06\/Centrales-de-lubrification-1.png 300w, https:\/\/dev.bcsagear.fr.srv01.kairios.fr\/wp-content\/uploads\/2016\/06\/Centrales-de-lubrification-1-150x150.png 150w\" sizes=\"auto, (max-width: 300px) 100vw, 300px\" \/><\/a><\/div><a href=\"https:\/\/dev.bcsagear.fr.srv01.kairios.fr\/de\/lubrification-unit\/\"><h3 class=\"text-center\">Schmiereinheit<\/h3><\/a><p><p>Custom-made lubrication units supply<br \/>\n&nbsp;<\/p>\n<\/p><a href=\"https:\/\/dev.bcsagear.fr.srv01.kairios.fr\/de\/lubrification-unit\/\" class=\"more-link\">En savoir <strong>Plus<\/strong><\/a><\/li><li class=\"span4\"><div class=\"round-box box-big \"><a href=\"https:\/\/dev.bcsagear.fr.srv01.kairios.fr\/de\/produits-maag\/\" class=\"box-inner\"><img loading=\"lazy\" decoding=\"async\" width=\"300\" height=\"300\" src=\"https:\/\/dev.bcsagear.fr.srv01.kairios.fr\/wp-content\/uploads\/2016\/04\/MAAG-Gear.jpeg\" class=\"img-circle wp-post-image\" alt=\"Wilkommen BCSA GEAR\" srcset=\"https:\/\/dev.bcsagear.fr.srv01.kairios.fr\/wp-content\/uploads\/2016\/04\/MAAG-Gear.jpeg 300w, https:\/\/dev.bcsagear.fr.srv01.kairios.fr\/wp-content\/uploads\/2016\/04\/MAAG-Gear-150x150.jpeg 150w\" sizes=\"auto, (max-width: 300px) 100vw, 300px\" \/><\/a><\/div><a href=\"https:\/\/dev.bcsagear.fr.srv01.kairios.fr\/de\/produits-maag\/\"><h3 class=\"text-center\">Maag Produkten<\/h3><\/a><p><p>BCSA GEAR is historically owner of the MAAG and ACMI technology<\/p>\n<\/p><a href=\"https:\/\/dev.bcsagear.fr.srv01.kairios.fr\/de\/produits-maag\/\" class=\"more-link\">En savoir <strong>Plus<\/strong><\/a><\/li><\/ul><\/div><\/div><\/section>\n<section class=\"section section-padded section-alt \"><div class=\"container-fluid\"><div class=\"section-header\"><h1>Service<\/h1><\/div><div class=\"row-fluid\"><div class=\"row-fluid\">\n<div class=\"span6\"><a href=\"https:\/\/dev.bcsagear.fr.srv01.kairios.fr\/service\/?lang=de\"><img loading=\"lazy\" decoding=\"async\" class=\"aligncenter size-full wp-image-1110\" src=\"\/wp-content\/uploads\/2016\/04\/Services-R.jpg\" alt=\"Services R\" width=\"225\" height=\"150\"><\/a><\/p>\n<\/div>\n<div class=\"span6\">&nbsp;<br \/>\n<a href=\"https:\/\/dev.bcsagear.fr.srv01.kairios.fr\/service\/?lang=de\">\u2022 Installations and on-site interventions<\/a><\/p>\n<p><a href=\"https:\/\/dev.bcsagear.fr.srv01.kairios.fr\/service\/?lang=de\">\u2022 Machine reconditioning<\/a><\/p>\n<p><a href=\"https:\/\/dev.bcsagear.fr.srv01.kairios.fr\/service\/?lang=de\">\u2022 Machine repairs in our workshop<\/a><br \/>\n<\/div>\n<\/div><\/div><\/div><\/section>\n<section class=\"section section-padded \"><div class=\"container-fluid\"><div class=\"section-header\"><h1>Nachrichten<\/h1><\/div><div class=\"row-fluid\"><ul class=\"unstyled row-fluid\"><li class=\"span4\"><div class=\"row-fluid\"><div class=\"span4\"><div class=\"round-box box-small box-colored\"><a href=\"https:\/\/dev.bcsagear.fr.srv01.kairios.fr\/de\/speed-reducer-for-12mw-turbine-test-rig-2\/\" class=\"box-inner\"><img loading=\"lazy\" decoding=\"async\" width=\"300\" height=\"300\" src=\"https:\/\/dev.bcsagear.fr.srv01.kairios.fr\/wp-content\/uploads\/2022\/02\/Reducteur-KR-6034-PV-300x300.png\" class=\"img-circle wp-post-image\" alt=\"Speed reducer for 12MW turbine test rig\" title=\"Speed reducer for 12MW turbine test rig\" srcset=\"https:\/\/dev.bcsagear.fr.srv01.kairios.fr\/wp-content\/uploads\/2022\/02\/Reducteur-KR-6034-PV-300x300.png 300w, https:\/\/dev.bcsagear.fr.srv01.kairios.fr\/wp-content\/uploads\/2022\/02\/Reducteur-KR-6034-PV-150x150.png 150w\" sizes=\"auto, (max-width: 300px) 100vw, 300px\" \/><\/a><\/div><h5 class=\"text-center light\">16 February 2022<\/h5><\/div><div class=\"span8\"><h3><a href=\"https:\/\/dev.bcsagear.fr.srv01.kairios.fr\/de\/speed-reducer-for-12mw-turbine-test-rig-2\/\">Speed reducer for 12MW turbine test rig<\/a><\/h3><p><\/p><\/div><\/div><\/li><li class=\"span4\"><div class=\"row-fluid\"><div class=\"span4\"><div class=\"round-box box-small box-colored\"><a href=\"https:\/\/dev.bcsagear.fr.srv01.kairios.fr\/de\/your-specialist-is-moving\/\" class=\"box-inner\"><img loading=\"lazy\" decoding=\"async\" width=\"300\" height=\"300\" src=\"https:\/\/dev.bcsagear.fr.srv01.kairios.fr\/wp-content\/uploads\/2020\/12\/carton-300x300.png\" class=\"img-circle wp-post-image\" alt=\"Your specialist is moving !\" title=\"Your specialist is moving !\" srcset=\"https:\/\/dev.bcsagear.fr.srv01.kairios.fr\/wp-content\/uploads\/2020\/12\/carton-300x300.png 300w, https:\/\/dev.bcsagear.fr.srv01.kairios.fr\/wp-content\/uploads\/2020\/12\/carton-150x150.png 150w\" sizes=\"auto, (max-width: 300px) 100vw, 300px\" \/><\/a><\/div><h5 class=\"text-center light\">11 December 2020<\/h5><\/div><div class=\"span8\"><h3><a href=\"https:\/\/dev.bcsagear.fr.srv01.kairios.fr\/de\/your-specialist-is-moving\/\">Your specialist is moving !<\/a><\/h3><p><\/p><\/div><\/div><\/li><li class=\"span4\"><div class=\"row-fluid\"><div class=\"span4\"><div class=\"round-box box-small box-colored\"><a href=\"https:\/\/dev.bcsagear.fr.srv01.kairios.fr\/de\/covid-19-information\/\" class=\"box-inner\"><img loading=\"lazy\" decoding=\"async\" width=\"300\" height=\"300\" src=\"https:\/\/dev.bcsagear.fr.srv01.kairios.fr\/wp-content\/uploads\/2020\/03\/COVID-19-300x300.jpg\" class=\"img-circle wp-post-image\" alt=\"COVID-19 information\" title=\"COVID-19 information\" srcset=\"https:\/\/dev.bcsagear.fr.srv01.kairios.fr\/wp-content\/uploads\/2020\/03\/COVID-19-300x300.jpg 300w, https:\/\/dev.bcsagear.fr.srv01.kairios.fr\/wp-content\/uploads\/2020\/03\/COVID-19-150x150.jpg 150w\" sizes=\"auto, (max-width: 300px) 100vw, 300px\" \/><\/a><\/div><h5 class=\"text-center light\">23 March 2020<\/h5><\/div><div class=\"span8\"><h3><a href=\"https:\/\/dev.bcsagear.fr.srv01.kairios.fr\/de\/covid-19-information\/\">COVID-19 information<\/a><\/h3><p><\/p><\/div><\/div><\/li><\/ul><\/div><\/div><\/section>\n<p><!-- [services category=\"produits\"][\/services] --><\/p>\n","protected":false},"excerpt":{"rendered":"","protected":false},"author":2,"featured_media":0,"parent":0,"menu_order":0,"comment_status":"closed","ping_status":"open","template":"template-full-nopad.php","meta":{"footnotes":""},"class_list":["post-1389","page","type-page","status-publish","hentry"],"_links":{"self":[{"href":"https:\/\/dev.bcsagear.fr.srv01.kairios.fr\/de\/wp-json\/wp\/v2\/pages\/1389","targetHints":{"allow":["GET"]}}],"collection":[{"href":"https:\/\/dev.bcsagear.fr.srv01.kairios.fr\/de\/wp-json\/wp\/v2\/pages"}],"about":[{"href":"https:\/\/dev.bcsagear.fr.srv01.kairios.fr\/de\/wp-json\/wp\/v2\/types\/page"}],"author":[{"embeddable":true,"href":"https:\/\/dev.bcsagear.fr.srv01.kairios.fr\/de\/wp-json\/wp\/v2\/users\/2"}],"replies":[{"embeddable":true,"href":"https:\/\/dev.bcsagear.fr.srv01.kairios.fr\/de\/wp-json\/wp\/v2\/comments?post=1389"}],"version-history":[{"count":14,"href":"https:\/\/dev.bcsagear.fr.srv01.kairios.fr\/de\/wp-json\/wp\/v2\/pages\/1389\/revisions"}],"predecessor-version":[{"id":4297,"href":"https:\/\/dev.bcsagear.fr.srv01.kairios.fr\/de\/wp-json\/wp\/v2\/pages\/1389\/revisions\/4297"}],"wp:attachment":[{"href":"https:\/\/dev.bcsagear.fr.srv01.kairios.fr\/de\/wp-json\/wp\/v2\/media?parent=1389"}],"curies":[{"name":"wp","href":"https:\/\/api.w.org\/{rel}","templated":true}]}}